{"id":15487,"date":"2025-01-17T09:59:41","date_gmt":"2025-01-17T09:59:41","guid":{"rendered":"https:\/\/promochaudiere.be\/produit\/grundfos-pompe-vide-cave-kp150-a-1-plus-flotteur-hors-recupel-011h1600\/"},"modified":"2026-02-03T19:40:09","modified_gmt":"2026-02-03T18:40:09","slug":"grundfos-pompe-vide-cave-kp150-a-1-plus-flotteur-hors-recupel-011h1600","status":"publish","type":"product","link":"https:\/\/promochaudiere.be\/nl\/product\/grundfos-pompe-vide-cave-kp150-a-1-plus-flotteur-hors-recupel-011h1600\/","title":{"rendered":"Grundfos pompe vide-cave   kp150-a-1  plus flotteur hors recupel 011H1600"},"content":{"rendered":"<p>Cette pompe vide-cave Grundfos KP150-A-1 est \u00e9quip\u00e9e d\u2019un flotteur int\u00e9gr\u00e9 pour un d\u00e9clenchement automatique. Elle assure une \u00e9vacuation efficace des eaux claires et us\u00e9es. Sa conception en acier inoxydable garantit une r\u00e9sistance accrue \u00e0 la corrosion. Facile \u00e0 installer, elle est id\u00e9ale pour la pr\u00e9vention des inondations dans les sous-sols et caves. Un \u00e9quipement fiable et performant.<\/p>","protected":false},"excerpt":{"rendered":"<p>Grundfos pompe vide-cave   kp150-a-1  plus flotteur hors recupel 011H1600<\/p>","protected":false},"featured_media":21189,"comment_status":"open","ping_status":"closed","template":"","meta":[],"product_brand":[],"product_cat":[706],"product_tag":[],"class_list":{"0":"post-15487","1":"product","2":"type-product","3":"status-publish","4":"has-post-thumbnail","6":"product_cat-pompe-hydrophore","7":"pa_marque-grundfos","9":"first","10":"instock","11":"sale","12":"taxable","13":"shipping-taxable","14":"purchasable","15":"product-type-simple"},"aioseo_notices":[],"_links":{"self":[{"href":"https:\/\/promochaudiere.be\/nl\/wp-json\/wp\/v2\/product\/15487","targetHints":{"allow":["GET"]}}],"collection":[{"href":"https:\/\/promochaudiere.be\/nl\/wp-json\/wp\/v2\/product"}],"about":[{"href":"https:\/\/promochaudiere.be\/nl\/wp-json\/wp\/v2\/types\/product"}],"replies":[{"embeddable":true,"href":"https:\/\/promochaudiere.be\/nl\/wp-json\/wp\/v2\/comments?post=15487"}],"version-history":[{"count":1,"href":"https:\/\/promochaudiere.be\/nl\/wp-json\/wp\/v2\/product\/15487\/revisions"}],"predecessor-version":[{"id":44769,"href":"https:\/\/promochaudiere.be\/nl\/wp-json\/wp\/v2\/product\/15487\/revisions\/44769"}],"wp:featuredmedia":[{"embeddable":true,"href":"https:\/\/promochaudiere.be\/nl\/wp-json\/wp\/v2\/media\/21189"}],"wp:attachment":[{"href":"https:\/\/promochaudiere.be\/nl\/wp-json\/wp\/v2\/media?parent=15487"}],"wp:term":[{"taxonomy":"product_brand","embeddable":true,"href":"https:\/\/promochaudiere.be\/nl\/wp-json\/wp\/v2\/product_brand?post=15487"},{"taxonomy":"product_cat","embeddable":true,"href":"https:\/\/promochaudiere.be\/nl\/wp-json\/wp\/v2\/product_cat?post=15487"},{"taxonomy":"product_tag","embeddable":true,"href":"https:\/\/promochaudiere.be\/nl\/wp-json\/wp\/v2\/product_tag?post=15487"}],"curies":[{"name":"wp","href":"https:\/\/api.w.org\/{rel}","templated":true}]}}