{"id":15491,"date":"2025-01-17T09:59:43","date_gmt":"2025-01-17T09:59:43","guid":{"rendered":"https:\/\/promochaudiere.be\/produit\/dab-pompe-submersible-pour-eaux-chargees-de-serie-feka-vs550m-na-2-cable-10m-103040010\/"},"modified":"2025-12-17T11:57:50","modified_gmt":"2025-12-17T11:57:50","slug":"dab-pompe-submersible-pour-eaux-chargees-de-serie-feka-vs550m-na-2-cable-10m-103040010","status":"publish","type":"product","link":"https:\/\/promochaudiere.be\/nl\/product\/dab-pompe-submersible-pour-eaux-chargees-de-serie-feka-vs550m-na-2-cable-10m-103040010\/","title":{"rendered":"DAB pompe submersible pour eaux charg\u00e9es de s\u00e9rie Feka vs550m-na  2 c\u00e2ble 10m 103040010"},"content":{"rendered":"<p>Cette pompe submersible DAB est con\u00e7ue pour l\u2019\u00e9vacuation des eaux charg\u00e9es, adapt\u00e9e aux applications domestiques et industrielles. Gr\u00e2ce \u00e0 son moteur robuste et \u00e0 sa structure r\u00e9sistante, elle peut traiter des liquides contenant des particules solides sans risque de blocage. Elle est id\u00e9ale pour les fosses septiques, les caves inond\u00e9es et les chantiers n\u00e9cessitant un drainage efficace. Facile \u00e0 installer, elle fonctionne de mani\u00e8re automatique pour une gestion sans souci des eaux us\u00e9es. Une solution fiable pour \u00e9viter les probl\u00e8mes d\u2019inondation et d\u2019accumulation d\u2019eau.<\/p>","protected":false},"excerpt":{"rendered":"<p>DAB pompe submersible pour eaux charg\u00e9es de s\u00e9rie Feka vs550m-na  2 c\u00e2ble 10m 103040010<\/p>","protected":false},"featured_media":21194,"comment_status":"open","ping_status":"closed","template":"","meta":[],"product_brand":[],"product_cat":[706],"product_tag":[],"class_list":{"0":"post-15491","1":"product","2":"type-product","3":"status-publish","4":"has-post-thumbnail","6":"product_cat-pompe-hydrophore","7":"pa_marque-dab","9":"first","10":"instock","11":"sale","12":"taxable","13":"shipping-taxable","14":"purchasable","15":"product-type-simple"},"aioseo_notices":[],"_links":{"self":[{"href":"https:\/\/promochaudiere.be\/nl\/wp-json\/wp\/v2\/product\/15491","targetHints":{"allow":["GET"]}}],"collection":[{"href":"https:\/\/promochaudiere.be\/nl\/wp-json\/wp\/v2\/product"}],"about":[{"href":"https:\/\/promochaudiere.be\/nl\/wp-json\/wp\/v2\/types\/product"}],"replies":[{"embeddable":true,"href":"https:\/\/promochaudiere.be\/nl\/wp-json\/wp\/v2\/comments?post=15491"}],"version-history":[{"count":1,"href":"https:\/\/promochaudiere.be\/nl\/wp-json\/wp\/v2\/product\/15491\/revisions"}],"predecessor-version":[{"id":44763,"href":"https:\/\/promochaudiere.be\/nl\/wp-json\/wp\/v2\/product\/15491\/revisions\/44763"}],"wp:featuredmedia":[{"embeddable":true,"href":"https:\/\/promochaudiere.be\/nl\/wp-json\/wp\/v2\/media\/21194"}],"wp:attachment":[{"href":"https:\/\/promochaudiere.be\/nl\/wp-json\/wp\/v2\/media?parent=15491"}],"wp:term":[{"taxonomy":"product_brand","embeddable":true,"href":"https:\/\/promochaudiere.be\/nl\/wp-json\/wp\/v2\/product_brand?post=15491"},{"taxonomy":"product_cat","embeddable":true,"href":"https:\/\/promochaudiere.be\/nl\/wp-json\/wp\/v2\/product_cat?post=15491"},{"taxonomy":"product_tag","embeddable":true,"href":"https:\/\/promochaudiere.be\/nl\/wp-json\/wp\/v2\/product_tag?post=15491"}],"curies":[{"name":"wp","href":"https:\/\/api.w.org\/{rel}","templated":true}]}}