{"id":15501,"date":"2025-01-17T09:59:47","date_gmt":"2025-01-17T09:59:47","guid":{"rendered":"https:\/\/promochaudiere.be\/produit\/bosch-chauffe-eau-instantane-electronique-tr5000-24-27-eb-400v-classe-erp-ecs-a-profil-soutirage-s-7736507069\/"},"modified":"2026-02-03T18:16:48","modified_gmt":"2026-02-03T17:16:48","slug":"bosch-chauffe-eau-instantane-electronique-tr5000-24-27-eb-400v-classe-erp-ecs-a-profil-soutirage-s-7736507069","status":"publish","type":"product","link":"https:\/\/promochaudiere.be\/nl\/product\/bosch-chauffe-eau-instantane-electronique-tr5000-24-27-eb-400v-classe-erp-ecs-a-profil-soutirage-s-7736507069\/","title":{"rendered":"BOSCH CHAUFFE-EAU INSTANTANE ELECTRONIQUE TR5000 24\/27 EB 400V CLASSE ERP ECS A PROFIL SOUTIRAGE S 7736507069"},"content":{"rendered":"<p>Le chauffe-eau instantan\u00e9 Bosch TR5000 assure une production rapide et efficace d\u2019eau chaude. Gr\u00e2ce \u00e0 son syst\u00e8me \u00e9lectronique, il ajuste automatiquement la temp\u00e9rature en fonction de la demande. Son format compact permet une installation discr\u00e8te et facile. Id\u00e9al pour un usage domestique ou professionnel, il offre un confort imm\u00e9diat sans perte d\u2019\u00e9nergie.<\/p>","protected":false},"excerpt":{"rendered":"<p>BOSCH CHAUFFE-EAU INSTANTANE ELECTRONIQUE TR5000 24\/27 EB 400V CLASSE ERP ECS A PROFIL SOUTIRAGE S 7736507069<\/p>","protected":false},"featured_media":21133,"comment_status":"open","ping_status":"closed","template":"","meta":[],"product_brand":[],"product_cat":[10969],"product_tag":[],"class_list":{"0":"post-15501","1":"product","2":"type-product","3":"status-publish","4":"has-post-thumbnail","6":"product_cat-bosch-junkers","7":"pa_marque-bosch","9":"first","10":"instock","11":"sale","12":"taxable","13":"shipping-taxable","14":"purchasable","15":"product-type-simple"},"aioseo_notices":[],"_links":{"self":[{"href":"https:\/\/promochaudiere.be\/nl\/wp-json\/wp\/v2\/product\/15501","targetHints":{"allow":["GET"]}}],"collection":[{"href":"https:\/\/promochaudiere.be\/nl\/wp-json\/wp\/v2\/product"}],"about":[{"href":"https:\/\/promochaudiere.be\/nl\/wp-json\/wp\/v2\/types\/product"}],"replies":[{"embeddable":true,"href":"https:\/\/promochaudiere.be\/nl\/wp-json\/wp\/v2\/comments?post=15501"}],"version-history":[{"count":2,"href":"https:\/\/promochaudiere.be\/nl\/wp-json\/wp\/v2\/product\/15501\/revisions"}],"predecessor-version":[{"id":44756,"href":"https:\/\/promochaudiere.be\/nl\/wp-json\/wp\/v2\/product\/15501\/revisions\/44756"}],"wp:featuredmedia":[{"embeddable":true,"href":"https:\/\/promochaudiere.be\/nl\/wp-json\/wp\/v2\/media\/21133"}],"wp:attachment":[{"href":"https:\/\/promochaudiere.be\/nl\/wp-json\/wp\/v2\/media?parent=15501"}],"wp:term":[{"taxonomy":"product_brand","embeddable":true,"href":"https:\/\/promochaudiere.be\/nl\/wp-json\/wp\/v2\/product_brand?post=15501"},{"taxonomy":"product_cat","embeddable":true,"href":"https:\/\/promochaudiere.be\/nl\/wp-json\/wp\/v2\/product_cat?post=15501"},{"taxonomy":"product_tag","embeddable":true,"href":"https:\/\/promochaudiere.be\/nl\/wp-json\/wp\/v2\/product_tag?post=15501"}],"curies":[{"name":"wp","href":"https:\/\/api.w.org\/{rel}","templated":true}]}}