{"id":15506,"date":"2025-01-17T09:59:49","date_gmt":"2025-01-17T09:59:49","guid":{"rendered":"https:\/\/promochaudiere.be\/produit\/spirotech-separateur-de-boues-plus-aimant-exterieure-mb3-spirotrap-2-ue200wj\/"},"modified":"2026-02-03T19:40:08","modified_gmt":"2026-02-03T18:40:08","slug":"spirotech-separateur-de-boues-plus-aimant-exterieure-mb3-spirotrap-2-ue200wj","status":"publish","type":"product","link":"https:\/\/promochaudiere.be\/nl\/product\/spirotech-separateur-de-boues-plus-aimant-exterieure-mb3-spirotrap-2-ue200wj\/","title":{"rendered":"Spirotech s\u00e9parateur de boues plus aimant ext\u00e9rieure mb3 Spirotrap 2  UE200WJ"},"content":{"rendered":"<p>Ce s\u00e9parateur Spirotech capture efficacement les impuret\u00e9s et particules m\u00e9talliques dans les circuits hydrauliques. Son aimant externe puissant renforce la filtration et prot\u00e8ge les \u00e9quipements. Son raccord en 2&Prime; assure une compatibilit\u00e9 avec diverses installations. Il optimise la performance \u00e9nerg\u00e9tique et prolonge la dur\u00e9e de vie des composants. Facile \u00e0 entretenir, il garantit un syst\u00e8me propre et efficace. Un choix parfait pour une installation performante et durable.<\/p>","protected":false},"excerpt":{"rendered":"<p>Spirotech s\u00e9parateur de boues plus aimant ext\u00e9rieure mb3 Spirotrap 2  UE200WJ<\/p>","protected":false},"featured_media":21118,"comment_status":"open","ping_status":"closed","template":"","meta":[],"product_brand":[],"product_cat":[5527],"product_tag":[],"class_list":{"0":"post-15506","1":"product","2":"type-product","3":"status-publish","4":"has-post-thumbnail","6":"product_cat-separation-dair-et-de-boues","7":"pa_marque-spirotech","9":"first","10":"instock","11":"sale","12":"taxable","13":"shipping-taxable","14":"purchasable","15":"product-type-simple"},"aioseo_notices":[],"_links":{"self":[{"href":"https:\/\/promochaudiere.be\/nl\/wp-json\/wp\/v2\/product\/15506","targetHints":{"allow":["GET"]}}],"collection":[{"href":"https:\/\/promochaudiere.be\/nl\/wp-json\/wp\/v2\/product"}],"about":[{"href":"https:\/\/promochaudiere.be\/nl\/wp-json\/wp\/v2\/types\/product"}],"replies":[{"embeddable":true,"href":"https:\/\/promochaudiere.be\/nl\/wp-json\/wp\/v2\/comments?post=15506"}],"version-history":[{"count":1,"href":"https:\/\/promochaudiere.be\/nl\/wp-json\/wp\/v2\/product\/15506\/revisions"}],"predecessor-version":[{"id":52825,"href":"https:\/\/promochaudiere.be\/nl\/wp-json\/wp\/v2\/product\/15506\/revisions\/52825"}],"wp:featuredmedia":[{"embeddable":true,"href":"https:\/\/promochaudiere.be\/nl\/wp-json\/wp\/v2\/media\/21118"}],"wp:attachment":[{"href":"https:\/\/promochaudiere.be\/nl\/wp-json\/wp\/v2\/media?parent=15506"}],"wp:term":[{"taxonomy":"product_brand","embeddable":true,"href":"https:\/\/promochaudiere.be\/nl\/wp-json\/wp\/v2\/product_brand?post=15506"},{"taxonomy":"product_cat","embeddable":true,"href":"https:\/\/promochaudiere.be\/nl\/wp-json\/wp\/v2\/product_cat?post=15506"},{"taxonomy":"product_tag","embeddable":true,"href":"https:\/\/promochaudiere.be\/nl\/wp-json\/wp\/v2\/product_tag?post=15506"}],"curies":[{"name":"wp","href":"https:\/\/api.w.org\/{rel}","templated":true}]}}