{"id":15508,"date":"2025-01-17T09:59:50","date_gmt":"2025-01-17T09:59:50","guid":{"rendered":"https:\/\/promochaudiere.be\/produit\/daalderop-close-in-5l-puissance-1500w-classe-erp-b-hauteur-143-mm-largeur-211-mm-profondeur-550-mm-070210636\/"},"modified":"2026-02-03T18:16:50","modified_gmt":"2026-02-03T17:16:50","slug":"daalderop-close-in-5l-puissance-1500w-classe-erp-b-hauteur-143-mm-largeur-211-mm-profondeur-550-mm-070210636","status":"publish","type":"product","link":"https:\/\/promochaudiere.be\/nl\/product\/daalderop-close-in-5l-puissance-1500w-classe-erp-b-hauteur-143-mm-largeur-211-mm-profondeur-550-mm-070210636\/","title":{"rendered":"Daalderop close-in 5L puissance 1500W classe ErP B hauteur 143 mm largeur 211 mm profondeur 550 mm 070210636"},"content":{"rendered":"<p>Ce chauffe-eau Daalderop Close-in de 5 litres offre une production rapide d\u2019eau chaude. Avec une puissance de 1500W, il garantit une mont\u00e9e en temp\u00e9rature efficace. Son design compact permet une installation sous \u00e9vier. Id\u00e9al pour une utilisation domestique ou professionnelle. Un choix parfait pour un approvisionnement rapide en eau chaude.<\/p>","protected":false},"excerpt":{"rendered":"<p>Daalderop close-in 5L puissance 1500W classe ErP B hauteur 143 mm largeur 211 mm profondeur 550 mm 070210636<\/p>","protected":false},"featured_media":21694,"comment_status":"open","ping_status":"closed","template":"","meta":[],"product_brand":[],"product_cat":[5531,8840],"product_tag":[],"class_list":{"0":"post-15508","1":"product","2":"type-product","3":"status-publish","4":"has-post-thumbnail","6":"product_cat-boiler-itho-daalderop-fr","7":"product_cat-test","8":"pa_marque-itho-daalderop","10":"first","11":"instock","12":"sale","13":"taxable","14":"shipping-taxable","15":"purchasable","16":"product-type-simple"},"aioseo_notices":[],"_links":{"self":[{"href":"https:\/\/promochaudiere.be\/nl\/wp-json\/wp\/v2\/product\/15508","targetHints":{"allow":["GET"]}}],"collection":[{"href":"https:\/\/promochaudiere.be\/nl\/wp-json\/wp\/v2\/product"}],"about":[{"href":"https:\/\/promochaudiere.be\/nl\/wp-json\/wp\/v2\/types\/product"}],"replies":[{"embeddable":true,"href":"https:\/\/promochaudiere.be\/nl\/wp-json\/wp\/v2\/comments?post=15508"}],"version-history":[{"count":1,"href":"https:\/\/promochaudiere.be\/nl\/wp-json\/wp\/v2\/product\/15508\/revisions"}],"predecessor-version":[{"id":44748,"href":"https:\/\/promochaudiere.be\/nl\/wp-json\/wp\/v2\/product\/15508\/revisions\/44748"}],"wp:featuredmedia":[{"embeddable":true,"href":"https:\/\/promochaudiere.be\/nl\/wp-json\/wp\/v2\/media\/21694"}],"wp:attachment":[{"href":"https:\/\/promochaudiere.be\/nl\/wp-json\/wp\/v2\/media?parent=15508"}],"wp:term":[{"taxonomy":"product_brand","embeddable":true,"href":"https:\/\/promochaudiere.be\/nl\/wp-json\/wp\/v2\/product_brand?post=15508"},{"taxonomy":"product_cat","embeddable":true,"href":"https:\/\/promochaudiere.be\/nl\/wp-json\/wp\/v2\/product_cat?post=15508"},{"taxonomy":"product_tag","embeddable":true,"href":"https:\/\/promochaudiere.be\/nl\/wp-json\/wp\/v2\/product_tag?post=15508"}],"curies":[{"name":"wp","href":"https:\/\/api.w.org\/{rel}","templated":true}]}}