{"id":15521,"date":"2025-01-17T09:59:55","date_gmt":"2025-01-17T09:59:55","guid":{"rendered":"https:\/\/promochaudiere.be\/produit\/reflex-vase-dexpansion-sanitaire-de-80l-10bar-7306500\/"},"modified":"2026-02-03T18:16:51","modified_gmt":"2026-02-03T17:16:51","slug":"reflex-vase-dexpansion-sanitaire-de-80l-10bar-7306500","status":"publish","type":"product","link":"https:\/\/promochaudiere.be\/nl\/product\/reflex-vase-dexpansion-sanitaire-de-80l-10bar-7306500\/","title":{"rendered":"Reflex Vase d&rsquo;expansion sanitaire de 80l 10BAR 7306500"},"content":{"rendered":"<p>Ce vase d\u2019expansion Reflex de 80 litres garantit une protection efficace contre les surpressions dans les circuits sanitaires. Son design robuste et sa haute r\u00e9sistance en font un choix id\u00e9al pour les installations de grande capacit\u00e9.<\/p>","protected":false},"excerpt":{"rendered":"<p>Reflex Vase d&rsquo;expansion sanitaire de 80l 10BAR 7306500<\/p>","protected":false},"featured_media":21125,"comment_status":"open","ping_status":"closed","template":"","meta":[],"product_brand":[],"product_cat":[322],"product_tag":[],"class_list":{"0":"post-15521","1":"product","2":"type-product","3":"status-publish","4":"has-post-thumbnail","6":"product_cat-vase-dexpansion","7":"pa_marque-reflex","9":"first","10":"instock","11":"sale","12":"taxable","13":"shipping-taxable","14":"purchasable","15":"product-type-simple"},"aioseo_notices":[],"_links":{"self":[{"href":"https:\/\/promochaudiere.be\/nl\/wp-json\/wp\/v2\/product\/15521","targetHints":{"allow":["GET"]}}],"collection":[{"href":"https:\/\/promochaudiere.be\/nl\/wp-json\/wp\/v2\/product"}],"about":[{"href":"https:\/\/promochaudiere.be\/nl\/wp-json\/wp\/v2\/types\/product"}],"replies":[{"embeddable":true,"href":"https:\/\/promochaudiere.be\/nl\/wp-json\/wp\/v2\/comments?post=15521"}],"version-history":[{"count":1,"href":"https:\/\/promochaudiere.be\/nl\/wp-json\/wp\/v2\/product\/15521\/revisions"}],"predecessor-version":[{"id":44736,"href":"https:\/\/promochaudiere.be\/nl\/wp-json\/wp\/v2\/product\/15521\/revisions\/44736"}],"wp:featuredmedia":[{"embeddable":true,"href":"https:\/\/promochaudiere.be\/nl\/wp-json\/wp\/v2\/media\/21125"}],"wp:attachment":[{"href":"https:\/\/promochaudiere.be\/nl\/wp-json\/wp\/v2\/media?parent=15521"}],"wp:term":[{"taxonomy":"product_brand","embeddable":true,"href":"https:\/\/promochaudiere.be\/nl\/wp-json\/wp\/v2\/product_brand?post=15521"},{"taxonomy":"product_cat","embeddable":true,"href":"https:\/\/promochaudiere.be\/nl\/wp-json\/wp\/v2\/product_cat?post=15521"},{"taxonomy":"product_tag","embeddable":true,"href":"https:\/\/promochaudiere.be\/nl\/wp-json\/wp\/v2\/product_tag?post=15521"}],"curies":[{"name":"wp","href":"https:\/\/api.w.org\/{rel}","templated":true}]}}