{"id":15529,"date":"2025-01-17T10:00:00","date_gmt":"2025-01-17T10:00:00","guid":{"rendered":"https:\/\/promochaudiere.be\/produit\/zehnder-comfoconnect-knx-c-knx-gateway-pour-comfo-air-q-prem-erv-655011120\/"},"modified":"2026-02-03T18:16:49","modified_gmt":"2026-02-03T17:16:49","slug":"zehnder-comfoconnect-knx-c-knx-gateway-pour-comfo-air-q-prem-erv-655011120","status":"publish","type":"product","link":"https:\/\/promochaudiere.be\/nl\/product\/zehnder-comfoconnect-knx-c-knx-gateway-pour-comfo-air-q-prem-erv-655011120\/","title":{"rendered":"ZEHNDER COMFOCONNECT KNX C-KNX GATEWAY POUR COMFO AIR Q PREM\/ERV 655011120"},"content":{"rendered":"<p>Ce module de communication Zehnder ComfoConnect KNX permet d\u2019int\u00e9grer les unit\u00e9s ComfoAir Q aux syst\u00e8mes de gestion domotique KNX. Il assure une communication fluide entre les appareils pour une r\u00e9gulation optimale. Son installation simple facilite la connexion aux r\u00e9seaux existants. Un accessoire essentiel pour une gestion intelligente et connect\u00e9e de la ventilation.<\/p>","protected":false},"excerpt":{"rendered":"<p>ZEHNDER COMFOCONNECT KNX C-KNX GATEWAY POUR COMFO AIR Q PREM\/ERV 655011120<\/p>","protected":false},"featured_media":21209,"comment_status":"open","ping_status":"closed","template":"","meta":[],"product_brand":[],"product_cat":[10895],"product_tag":[],"class_list":{"0":"post-15529","1":"product","2":"type-product","3":"status-publish","4":"has-post-thumbnail","6":"product_cat-accessoires-zehnder","7":"pa_marque-zehnder","9":"first","10":"instock","11":"sale","12":"taxable","13":"shipping-taxable","14":"purchasable","15":"product-type-simple"},"aioseo_notices":[],"_links":{"self":[{"href":"https:\/\/promochaudiere.be\/nl\/wp-json\/wp\/v2\/product\/15529","targetHints":{"allow":["GET"]}}],"collection":[{"href":"https:\/\/promochaudiere.be\/nl\/wp-json\/wp\/v2\/product"}],"about":[{"href":"https:\/\/promochaudiere.be\/nl\/wp-json\/wp\/v2\/types\/product"}],"replies":[{"embeddable":true,"href":"https:\/\/promochaudiere.be\/nl\/wp-json\/wp\/v2\/comments?post=15529"}],"version-history":[{"count":1,"href":"https:\/\/promochaudiere.be\/nl\/wp-json\/wp\/v2\/product\/15529\/revisions"}],"predecessor-version":[{"id":52823,"href":"https:\/\/promochaudiere.be\/nl\/wp-json\/wp\/v2\/product\/15529\/revisions\/52823"}],"wp:featuredmedia":[{"embeddable":true,"href":"https:\/\/promochaudiere.be\/nl\/wp-json\/wp\/v2\/media\/21209"}],"wp:attachment":[{"href":"https:\/\/promochaudiere.be\/nl\/wp-json\/wp\/v2\/media?parent=15529"}],"wp:term":[{"taxonomy":"product_brand","embeddable":true,"href":"https:\/\/promochaudiere.be\/nl\/wp-json\/wp\/v2\/product_brand?post=15529"},{"taxonomy":"product_cat","embeddable":true,"href":"https:\/\/promochaudiere.be\/nl\/wp-json\/wp\/v2\/product_cat?post=15529"},{"taxonomy":"product_tag","embeddable":true,"href":"https:\/\/promochaudiere.be\/nl\/wp-json\/wp\/v2\/product_tag?post=15529"}],"curies":[{"name":"wp","href":"https:\/\/api.w.org\/{rel}","templated":true}]}}