{"id":15538,"date":"2025-01-17T10:00:04","date_gmt":"2025-01-17T10:00:04","guid":{"rendered":"https:\/\/promochaudiere.be\/produit\/vaillant-kit-de-raccordement-hydrailique-pour-wkkactostor-vihk300-0020152977\/"},"modified":"2026-02-03T19:40:09","modified_gmt":"2026-02-03T18:40:09","slug":"vaillant-kit-de-raccordement-hydrailique-pour-wkkactostor-vihk300-0020152977","status":"publish","type":"product","link":"https:\/\/promochaudiere.be\/nl\/product\/vaillant-kit-de-raccordement-hydrailique-pour-wkkactostor-vihk300-0020152977\/","title":{"rendered":"Vaillant Kit de raccordement Hydrailique pour WKK+Actostor VIHK300  0020152977"},"content":{"rendered":"<p>Ce kit de raccordement Vaillant permet une connexion \u00e9tanche et s\u00e9curis\u00e9e des \u00e9l\u00e9ments hydrauliques de la chaudi\u00e8re. Il assure une circulation fluide de l\u2019eau et am\u00e9liore l\u2019efficacit\u00e9 du chauffage. Un accessoire indispensable pour garantir une installation fiable.<\/p>","protected":false},"excerpt":{"rendered":"<p>Vaillant Kit de raccordement Hydrailique pour WKK+Actostor VIHK300  0020152977<\/p>","protected":false},"featured_media":21754,"comment_status":"open","ping_status":"closed","template":"","meta":[],"product_brand":[],"product_cat":[8917,8840],"product_tag":[],"class_list":{"0":"post-15538","1":"product","2":"type-product","3":"status-publish","4":"has-post-thumbnail","6":"product_cat-pieces-detachees-vaillant","7":"product_cat-test","8":"pa_marque-vaillant","10":"first","11":"instock","12":"sale","13":"taxable","14":"shipping-taxable","15":"purchasable","16":"product-type-simple"},"aioseo_notices":[],"_links":{"self":[{"href":"https:\/\/promochaudiere.be\/nl\/wp-json\/wp\/v2\/product\/15538","targetHints":{"allow":["GET"]}}],"collection":[{"href":"https:\/\/promochaudiere.be\/nl\/wp-json\/wp\/v2\/product"}],"about":[{"href":"https:\/\/promochaudiere.be\/nl\/wp-json\/wp\/v2\/types\/product"}],"replies":[{"embeddable":true,"href":"https:\/\/promochaudiere.be\/nl\/wp-json\/wp\/v2\/comments?post=15538"}],"version-history":[{"count":1,"href":"https:\/\/promochaudiere.be\/nl\/wp-json\/wp\/v2\/product\/15538\/revisions"}],"predecessor-version":[{"id":52822,"href":"https:\/\/promochaudiere.be\/nl\/wp-json\/wp\/v2\/product\/15538\/revisions\/52822"}],"wp:featuredmedia":[{"embeddable":true,"href":"https:\/\/promochaudiere.be\/nl\/wp-json\/wp\/v2\/media\/21754"}],"wp:attachment":[{"href":"https:\/\/promochaudiere.be\/nl\/wp-json\/wp\/v2\/media?parent=15538"}],"wp:term":[{"taxonomy":"product_brand","embeddable":true,"href":"https:\/\/promochaudiere.be\/nl\/wp-json\/wp\/v2\/product_brand?post=15538"},{"taxonomy":"product_cat","embeddable":true,"href":"https:\/\/promochaudiere.be\/nl\/wp-json\/wp\/v2\/product_cat?post=15538"},{"taxonomy":"product_tag","embeddable":true,"href":"https:\/\/promochaudiere.be\/nl\/wp-json\/wp\/v2\/product_tag?post=15538"}],"curies":[{"name":"wp","href":"https:\/\/api.w.org\/{rel}","templated":true}]}}