{"id":15539,"date":"2025-01-17T10:00:04","date_gmt":"2025-01-17T10:00:04","guid":{"rendered":"https:\/\/promochaudiere.be\/produit\/d-radiateur-vertical-22-h2000-l500-2145w-0974202205\/"},"modified":"2026-02-03T18:16:51","modified_gmt":"2026-02-03T17:16:51","slug":"d-radiateur-vertical-22-h2000-l500-2145w-0974202205","status":"publish","type":"product","link":"https:\/\/promochaudiere.be\/nl\/product\/d-radiateur-vertical-22-h2000-l500-2145w-0974202205\/","title":{"rendered":"D-radiateur vertical 22-H2000-L500 2145W 0974202205"},"content":{"rendered":"<p>Le D-Radiateur Vertical est une solution de chauffage moderne et efficace, id\u00e9ale pour les espaces o\u00f9 l&rsquo;optimisation de l&rsquo;espace est essentielle. Avec son design vertical \u00e9pur\u00e9, il s&rsquo;int\u00e8gre facilement dans les pi\u00e8ces avec des murs \u00e9troits ou dans des configurations o\u00f9 les radiateurs traditionnels horizontaux ne seraient pas adapt\u00e9s. Ce mod\u00e8le offre une distribution homog\u00e8ne de la chaleur, assurant un confort thermique optimal dans toute la pi\u00e8ce. Fabriqu\u00e9 avec des mat\u00e9riaux de qualit\u00e9, le D-Radiateur Vertical est non seulement durable, mais aussi performant, permettant de chauffer rapidement tout en \u00e9tant \u00e9conome en \u00e9nergie.<\/p>","protected":false},"excerpt":{"rendered":"<p>D-radiateur vertical 22-H2000-L500 2145W 0974202205<\/p>","protected":false},"featured_media":21139,"comment_status":"open","ping_status":"closed","template":"","meta":[],"product_brand":[],"product_cat":[9615],"product_tag":[],"class_list":{"0":"post-15539","1":"product","2":"type-product","3":"status-publish","4":"has-post-thumbnail","6":"product_cat-radiateur-vertical","8":"first","9":"instock","10":"sale","11":"taxable","12":"shipping-taxable","13":"purchasable","14":"product-type-simple"},"aioseo_notices":[],"_links":{"self":[{"href":"https:\/\/promochaudiere.be\/nl\/wp-json\/wp\/v2\/product\/15539","targetHints":{"allow":["GET"]}}],"collection":[{"href":"https:\/\/promochaudiere.be\/nl\/wp-json\/wp\/v2\/product"}],"about":[{"href":"https:\/\/promochaudiere.be\/nl\/wp-json\/wp\/v2\/types\/product"}],"replies":[{"embeddable":true,"href":"https:\/\/promochaudiere.be\/nl\/wp-json\/wp\/v2\/comments?post=15539"}],"version-history":[{"count":2,"href":"https:\/\/promochaudiere.be\/nl\/wp-json\/wp\/v2\/product\/15539\/revisions"}],"predecessor-version":[{"id":52821,"href":"https:\/\/promochaudiere.be\/nl\/wp-json\/wp\/v2\/product\/15539\/revisions\/52821"}],"wp:featuredmedia":[{"embeddable":true,"href":"https:\/\/promochaudiere.be\/nl\/wp-json\/wp\/v2\/media\/21139"}],"wp:attachment":[{"href":"https:\/\/promochaudiere.be\/nl\/wp-json\/wp\/v2\/media?parent=15539"}],"wp:term":[{"taxonomy":"product_brand","embeddable":true,"href":"https:\/\/promochaudiere.be\/nl\/wp-json\/wp\/v2\/product_brand?post=15539"},{"taxonomy":"product_cat","embeddable":true,"href":"https:\/\/promochaudiere.be\/nl\/wp-json\/wp\/v2\/product_cat?post=15539"},{"taxonomy":"product_tag","embeddable":true,"href":"https:\/\/promochaudiere.be\/nl\/wp-json\/wp\/v2\/product_tag?post=15539"}],"curies":[{"name":"wp","href":"https:\/\/api.w.org\/{rel}","templated":true}]}}