{"id":15542,"date":"2025-01-17T10:00:06","date_gmt":"2025-01-17T10:00:06","guid":{"rendered":"https:\/\/promochaudiere.be\/produit\/grundfos-circulateur-chauffage-central-alpha2-32-60-l180-2-99411221\/"},"modified":"2026-02-03T18:16:57","modified_gmt":"2026-02-03T17:16:57","slug":"grundfos-circulateur-chauffage-central-alpha2-32-60-l180-2-99411221","status":"publish","type":"product","link":"https:\/\/promochaudiere.be\/nl\/product\/grundfos-circulateur-chauffage-central-alpha2-32-60-l180-2-99411221\/","title":{"rendered":"GRUNDFOS CIRCULATEUR CHAUFFAGE CENTRAL ALPHA2 32-60 L180 2&Prime; 99411221"},"content":{"rendered":"<p>Le circulateur Grundfos Alpha2 32-60 est con\u00e7u pour am\u00e9liorer l\u2019efficacit\u00e9 \u00e9nerg\u00e9tique des circuits de chauffage. Gr\u00e2ce \u00e0 sa technologie avanc\u00e9e, il optimise la circulation de l\u2019eau et r\u00e9duit les pertes thermiques. Son moteur basse consommation garantit un fonctionnement silencieux et une durabilit\u00e9 accrue. Un investissement intelligent pour un confort thermique optimal.<\/p>","protected":false},"excerpt":{"rendered":"<p>GRUNDFOS CIRCULATEUR CHAUFFAGE CENTRAL ALPHA2 32-60 L180 2&Prime; 99411221<\/p>","protected":false},"featured_media":21086,"comment_status":"open","ping_status":"closed","template":"","meta":[],"product_brand":[],"product_cat":[660],"product_tag":[],"class_list":{"0":"post-15542","1":"product","2":"type-product","3":"status-publish","4":"has-post-thumbnail","6":"product_cat-circulateur","7":"pa_marque-grundfos","9":"first","10":"instock","11":"sale","12":"taxable","13":"shipping-taxable","14":"purchasable","15":"product-type-simple"},"aioseo_notices":[],"_links":{"self":[{"href":"https:\/\/promochaudiere.be\/nl\/wp-json\/wp\/v2\/product\/15542","targetHints":{"allow":["GET"]}}],"collection":[{"href":"https:\/\/promochaudiere.be\/nl\/wp-json\/wp\/v2\/product"}],"about":[{"href":"https:\/\/promochaudiere.be\/nl\/wp-json\/wp\/v2\/types\/product"}],"replies":[{"embeddable":true,"href":"https:\/\/promochaudiere.be\/nl\/wp-json\/wp\/v2\/comments?post=15542"}],"version-history":[{"count":1,"href":"https:\/\/promochaudiere.be\/nl\/wp-json\/wp\/v2\/product\/15542\/revisions"}],"predecessor-version":[{"id":44717,"href":"https:\/\/promochaudiere.be\/nl\/wp-json\/wp\/v2\/product\/15542\/revisions\/44717"}],"wp:featuredmedia":[{"embeddable":true,"href":"https:\/\/promochaudiere.be\/nl\/wp-json\/wp\/v2\/media\/21086"}],"wp:attachment":[{"href":"https:\/\/promochaudiere.be\/nl\/wp-json\/wp\/v2\/media?parent=15542"}],"wp:term":[{"taxonomy":"product_brand","embeddable":true,"href":"https:\/\/promochaudiere.be\/nl\/wp-json\/wp\/v2\/product_brand?post=15542"},{"taxonomy":"product_cat","embeddable":true,"href":"https:\/\/promochaudiere.be\/nl\/wp-json\/wp\/v2\/product_cat?post=15542"},{"taxonomy":"product_tag","embeddable":true,"href":"https:\/\/promochaudiere.be\/nl\/wp-json\/wp\/v2\/product_tag?post=15542"}],"curies":[{"name":"wp","href":"https:\/\/api.w.org\/{rel}","templated":true}]}}