{"id":15550,"date":"2025-01-17T10:00:09","date_gmt":"2025-01-17T10:00:09","guid":{"rendered":"https:\/\/promochaudiere.be\/produit\/ballon-tampon-pac-aquarea-inox-48l-pawbtank50l2\/"},"modified":"2026-02-03T18:16:51","modified_gmt":"2026-02-03T17:16:51","slug":"ballon-tampon-pac-aquarea-inox-48l-pawbtank50l2","status":"publish","type":"product","link":"https:\/\/promochaudiere.be\/nl\/product\/ballon-tampon-pac-aquarea-inox-48l-pawbtank50l2\/","title":{"rendered":"BALLON TAMPON PAC AQUAREA INOX 48L PAWBTANK50L2"},"content":{"rendered":"<p>Le ballon tampon est con\u00e7u pour am\u00e9liorer l&rsquo;efficacit\u00e9 et la durabilit\u00e9 de votre syst\u00e8me de pompe \u00e0 chaleur. Gr\u00e2ce \u00e0 sa capacit\u00e9 de 48 litres, il permet de stocker et de stabiliser l&rsquo;\u00e9nergie thermique produite, r\u00e9duisant ainsi les cycles de fonctionnement de votre pompe \u00e0 chaleur et optimisant son rendement \u00e9nerg\u00e9tique. Fabriqu\u00e9 en acier inoxydable de haute qualit\u00e9, ce ballon tampon garantit une r\u00e9sistance exceptionnelle \u00e0 la corrosion, assurant une long\u00e9vit\u00e9 accrue m\u00eame dans des conditions d\u2019utilisation exigeantes. Sa conception compacte et ergonomique facilite son installation et son int\u00e9gration dans des espaces restreints.<\/p>","protected":false},"excerpt":{"rendered":"<p>BALLON TAMPON PAC AQUAREA INOX 48L PAWBTANK50L2<\/p>","protected":false},"featured_media":21129,"comment_status":"open","ping_status":"closed","template":"","meta":[],"product_brand":[],"product_cat":[5507],"product_tag":[],"class_list":{"0":"post-15550","1":"product","2":"type-product","3":"status-publish","4":"has-post-thumbnail","6":"product_cat-ballon-tampon","8":"first","9":"instock","10":"sale","11":"taxable","12":"shipping-taxable","13":"purchasable","14":"product-type-simple"},"aioseo_notices":[],"_links":{"self":[{"href":"https:\/\/promochaudiere.be\/nl\/wp-json\/wp\/v2\/product\/15550","targetHints":{"allow":["GET"]}}],"collection":[{"href":"https:\/\/promochaudiere.be\/nl\/wp-json\/wp\/v2\/product"}],"about":[{"href":"https:\/\/promochaudiere.be\/nl\/wp-json\/wp\/v2\/types\/product"}],"replies":[{"embeddable":true,"href":"https:\/\/promochaudiere.be\/nl\/wp-json\/wp\/v2\/comments?post=15550"}],"version-history":[{"count":1,"href":"https:\/\/promochaudiere.be\/nl\/wp-json\/wp\/v2\/product\/15550\/revisions"}],"predecessor-version":[{"id":52818,"href":"https:\/\/promochaudiere.be\/nl\/wp-json\/wp\/v2\/product\/15550\/revisions\/52818"}],"wp:featuredmedia":[{"embeddable":true,"href":"https:\/\/promochaudiere.be\/nl\/wp-json\/wp\/v2\/media\/21129"}],"wp:attachment":[{"href":"https:\/\/promochaudiere.be\/nl\/wp-json\/wp\/v2\/media?parent=15550"}],"wp:term":[{"taxonomy":"product_brand","embeddable":true,"href":"https:\/\/promochaudiere.be\/nl\/wp-json\/wp\/v2\/product_brand?post=15550"},{"taxonomy":"product_cat","embeddable":true,"href":"https:\/\/promochaudiere.be\/nl\/wp-json\/wp\/v2\/product_cat?post=15550"},{"taxonomy":"product_tag","embeddable":true,"href":"https:\/\/promochaudiere.be\/nl\/wp-json\/wp\/v2\/product_tag?post=15550"}],"curies":[{"name":"wp","href":"https:\/\/api.w.org\/{rel}","templated":true}]}}