{"id":15560,"date":"2025-01-17T10:00:15","date_gmt":"2025-01-17T10:00:15","guid":{"rendered":"https:\/\/promochaudiere.be\/produit\/wilo-circulateur-yonos-pico-25-1-8-mono-4215517\/"},"modified":"2026-02-03T19:40:07","modified_gmt":"2026-02-03T18:40:07","slug":"wilo-circulateur-yonos-pico-25-1-8-mono-4215517","status":"publish","type":"product","link":"https:\/\/promochaudiere.be\/nl\/product\/wilo-circulateur-yonos-pico-25-1-8-mono-4215517\/","title":{"rendered":"Wilo circulateur yonos pico  25\/1-8 mono 4215517"},"content":{"rendered":"<p>Ce circulateur Wilo est con\u00e7u pour optimiser la circulation du fluide caloporteur. Son format 25\/1-8 Mono garantit une compatibilit\u00e9 avec divers syst\u00e8mes de chauffage. Son moteur \u00e9co\u00e9nerg\u00e9tique r\u00e9duit les pertes thermiques et la consommation \u00e9lectrique. Facile \u00e0 poser, il am\u00e9liore la gestion thermique globale. Un composant cl\u00e9 pour une installation durable et efficace.<\/p>","protected":false},"excerpt":{"rendered":"<p>Wilo circulateur yonos pico  25\/1-8 mono 4215517<\/p>","protected":false},"featured_media":21093,"comment_status":"open","ping_status":"closed","template":"","meta":[],"product_brand":[],"product_cat":[660],"product_tag":[],"class_list":{"0":"post-15560","1":"product","2":"type-product","3":"status-publish","4":"has-post-thumbnail","6":"product_cat-circulateur","7":"pa_marque-wilo","9":"first","10":"instock","11":"sale","12":"taxable","13":"shipping-taxable","14":"purchasable","15":"product-type-simple"},"aioseo_notices":[],"_links":{"self":[{"href":"https:\/\/promochaudiere.be\/nl\/wp-json\/wp\/v2\/product\/15560","targetHints":{"allow":["GET"]}}],"collection":[{"href":"https:\/\/promochaudiere.be\/nl\/wp-json\/wp\/v2\/product"}],"about":[{"href":"https:\/\/promochaudiere.be\/nl\/wp-json\/wp\/v2\/types\/product"}],"replies":[{"embeddable":true,"href":"https:\/\/promochaudiere.be\/nl\/wp-json\/wp\/v2\/comments?post=15560"}],"version-history":[{"count":1,"href":"https:\/\/promochaudiere.be\/nl\/wp-json\/wp\/v2\/product\/15560\/revisions"}],"predecessor-version":[{"id":52815,"href":"https:\/\/promochaudiere.be\/nl\/wp-json\/wp\/v2\/product\/15560\/revisions\/52815"}],"wp:featuredmedia":[{"embeddable":true,"href":"https:\/\/promochaudiere.be\/nl\/wp-json\/wp\/v2\/media\/21093"}],"wp:attachment":[{"href":"https:\/\/promochaudiere.be\/nl\/wp-json\/wp\/v2\/media?parent=15560"}],"wp:term":[{"taxonomy":"product_brand","embeddable":true,"href":"https:\/\/promochaudiere.be\/nl\/wp-json\/wp\/v2\/product_brand?post=15560"},{"taxonomy":"product_cat","embeddable":true,"href":"https:\/\/promochaudiere.be\/nl\/wp-json\/wp\/v2\/product_cat?post=15560"},{"taxonomy":"product_tag","embeddable":true,"href":"https:\/\/promochaudiere.be\/nl\/wp-json\/wp\/v2\/product_tag?post=15560"}],"curies":[{"name":"wp","href":"https:\/\/api.w.org\/{rel}","templated":true}]}}