{"id":15561,"date":"2025-01-17T10:00:15","date_gmt":"2025-01-17T10:00:15","guid":{"rendered":"https:\/\/promochaudiere.be\/produit\/bosch-groupe-de-raccordement-de-la-chaudiere-avec-pompe-de-chargement-7736603616\/"},"modified":"2026-02-03T18:16:53","modified_gmt":"2026-02-03T17:16:53","slug":"bosch-groupe-de-raccordement-de-la-chaudiere-avec-pompe-de-chargement-7736603616","status":"publish","type":"product","link":"https:\/\/promochaudiere.be\/nl\/product\/bosch-groupe-de-raccordement-de-la-chaudiere-avec-pompe-de-chargement-7736603616\/","title":{"rendered":"BOSCH GROUPE DE RACCORDEMENT DE LA CHAUDI\u00c8RE AVEC POMPE DE CHARGEMENT 7736603616"},"content":{"rendered":"<p>Le groupe de raccordement Bosch avec pompe de chargement est une pi\u00e8ce essentielle pour l\u2019installation et le bon fonctionnement des chaudi\u00e8res Bosch. Ce groupe de raccordement facilite l&rsquo;int\u00e9gration de la chaudi\u00e8re au syst\u00e8me de chauffage, en permettant une circulation fluide de l&rsquo;eau et en assurant un d\u00e9marrage rapide du circuit de chauffage. La pompe de chargement int\u00e9gr\u00e9e permet d\u2019assurer une pression constante dans le syst\u00e8me, optimisant ainsi l&rsquo;efficacit\u00e9 \u00e9nerg\u00e9tique et le confort thermique. Con\u00e7u pour \u00eatre compatible avec plusieurs mod\u00e8les de chaudi\u00e8res Bosch, ce groupe est con\u00e7u pour \u00eatre durable et fiable, garantissant une installation simplifi\u00e9e et un entretien minimal.<\/p>","protected":false},"excerpt":{"rendered":"<p>BOSCH GROUPE DE RACCORDEMENT DE LA CHAUDI\u00c8RE AVEC POMPE DE CHARGEMENT 7736603616<\/p>","protected":false},"featured_media":21066,"comment_status":"open","ping_status":"closed","template":"","meta":[],"product_brand":[],"product_cat":[9485],"product_tag":[],"class_list":{"0":"post-15561","1":"product","2":"type-product","3":"status-publish","4":"has-post-thumbnail","6":"product_cat-pieces-detachees-bosch","7":"pa_marque-bosch","9":"first","10":"instock","11":"sale","12":"taxable","13":"shipping-taxable","14":"purchasable","15":"product-type-simple"},"aioseo_notices":[],"_links":{"self":[{"href":"https:\/\/promochaudiere.be\/nl\/wp-json\/wp\/v2\/product\/15561","targetHints":{"allow":["GET"]}}],"collection":[{"href":"https:\/\/promochaudiere.be\/nl\/wp-json\/wp\/v2\/product"}],"about":[{"href":"https:\/\/promochaudiere.be\/nl\/wp-json\/wp\/v2\/types\/product"}],"replies":[{"embeddable":true,"href":"https:\/\/promochaudiere.be\/nl\/wp-json\/wp\/v2\/comments?post=15561"}],"version-history":[{"count":1,"href":"https:\/\/promochaudiere.be\/nl\/wp-json\/wp\/v2\/product\/15561\/revisions"}],"predecessor-version":[{"id":44705,"href":"https:\/\/promochaudiere.be\/nl\/wp-json\/wp\/v2\/product\/15561\/revisions\/44705"}],"wp:featuredmedia":[{"embeddable":true,"href":"https:\/\/promochaudiere.be\/nl\/wp-json\/wp\/v2\/media\/21066"}],"wp:attachment":[{"href":"https:\/\/promochaudiere.be\/nl\/wp-json\/wp\/v2\/media?parent=15561"}],"wp:term":[{"taxonomy":"product_brand","embeddable":true,"href":"https:\/\/promochaudiere.be\/nl\/wp-json\/wp\/v2\/product_brand?post=15561"},{"taxonomy":"product_cat","embeddable":true,"href":"https:\/\/promochaudiere.be\/nl\/wp-json\/wp\/v2\/product_cat?post=15561"},{"taxonomy":"product_tag","embeddable":true,"href":"https:\/\/promochaudiere.be\/nl\/wp-json\/wp\/v2\/product_tag?post=15561"}],"curies":[{"name":"wp","href":"https:\/\/api.w.org\/{rel}","templated":true}]}}