{"id":15564,"date":"2025-01-17T10:00:16","date_gmt":"2025-01-17T10:00:16","guid":{"rendered":"https:\/\/promochaudiere.be\/produit\/meibes-groupe-de-pompe-non-mel-4-4-alpha2-25-60-m6691130\/"},"modified":"2026-02-03T18:16:53","modified_gmt":"2026-02-03T17:16:53","slug":"meibes-groupe-de-pompe-non-mel-4-4-alpha2-25-60-m6691130","status":"publish","type":"product","link":"https:\/\/promochaudiere.be\/nl\/product\/meibes-groupe-de-pompe-non-mel-4-4-alpha2-25-60-m6691130\/","title":{"rendered":"MEIBES GROUPE DE POMPE NON-MEL. 4\/4&Prime; ALPHA2 25-60 M6691130"},"content":{"rendered":"<p>Ce groupe de pompe Meibes assure une circulation fluide du fluide caloporteur sans fonction de m\u00e9lange. \u00c9quip\u00e9 d\u2019une pompe Alpha2 25-60, il garantit une distribution homog\u00e8ne de la chaleur dans le circuit. Son format 4\/4&Prime; s\u2019adapte aux installations hydrauliques standard. Son mat\u00e9riau r\u00e9sistant lui conf\u00e8re une durabilit\u00e9 exceptionnelle. Facile \u00e0 monter, il am\u00e9liore la performance globale du syst\u00e8me de chauffage. Un \u00e9l\u00e9ment indispensable pour une r\u00e9gulation thermique efficace.<\/p>","protected":false},"excerpt":{"rendered":"<p>MEIBES GROUPE DE POMPE NON-MEL. 4\/4&Prime; ALPHA2 25-60 M6691130<\/p>","protected":false},"featured_media":21105,"comment_status":"open","ping_status":"closed","template":"","meta":[],"product_brand":[],"product_cat":[5541],"product_tag":[],"class_list":{"0":"post-15564","1":"product","2":"type-product","3":"status-publish","4":"has-post-thumbnail","6":"product_cat-groupe-de-pompe","7":"pa_marque-meibes","9":"first","10":"instock","11":"sale","12":"taxable","13":"shipping-taxable","14":"purchasable","15":"product-type-simple"},"aioseo_notices":[],"_links":{"self":[{"href":"https:\/\/promochaudiere.be\/nl\/wp-json\/wp\/v2\/product\/15564","targetHints":{"allow":["GET"]}}],"collection":[{"href":"https:\/\/promochaudiere.be\/nl\/wp-json\/wp\/v2\/product"}],"about":[{"href":"https:\/\/promochaudiere.be\/nl\/wp-json\/wp\/v2\/types\/product"}],"replies":[{"embeddable":true,"href":"https:\/\/promochaudiere.be\/nl\/wp-json\/wp\/v2\/comments?post=15564"}],"version-history":[{"count":1,"href":"https:\/\/promochaudiere.be\/nl\/wp-json\/wp\/v2\/product\/15564\/revisions"}],"predecessor-version":[{"id":44704,"href":"https:\/\/promochaudiere.be\/nl\/wp-json\/wp\/v2\/product\/15564\/revisions\/44704"}],"wp:featuredmedia":[{"embeddable":true,"href":"https:\/\/promochaudiere.be\/nl\/wp-json\/wp\/v2\/media\/21105"}],"wp:attachment":[{"href":"https:\/\/promochaudiere.be\/nl\/wp-json\/wp\/v2\/media?parent=15564"}],"wp:term":[{"taxonomy":"product_brand","embeddable":true,"href":"https:\/\/promochaudiere.be\/nl\/wp-json\/wp\/v2\/product_brand?post=15564"},{"taxonomy":"product_cat","embeddable":true,"href":"https:\/\/promochaudiere.be\/nl\/wp-json\/wp\/v2\/product_cat?post=15564"},{"taxonomy":"product_tag","embeddable":true,"href":"https:\/\/promochaudiere.be\/nl\/wp-json\/wp\/v2\/product_tag?post=15564"}],"curies":[{"name":"wp","href":"https:\/\/api.w.org\/{rel}","templated":true}]}}