{"id":15565,"date":"2025-01-17T10:00:17","date_gmt":"2025-01-17T10:00:17","guid":{"rendered":"https:\/\/promochaudiere.be\/produit\/wilo-circulateur-cc-stratos-pico-30-05-6-l180-2-4244400\/"},"modified":"2026-02-03T19:40:09","modified_gmt":"2026-02-03T18:40:09","slug":"wilo-circulateur-cc-stratos-pico-30-05-6-l180-2-4244400","status":"publish","type":"product","link":"https:\/\/promochaudiere.be\/nl\/product\/wilo-circulateur-cc-stratos-pico-30-05-6-l180-2-4244400\/","title":{"rendered":"WILO CIRCULATEUR CC  STRATOS PICO 30\/0,5-6 L180 2&Prime; 4244400"},"content":{"rendered":"<p>Ce circulateur Wilo optimise la circulation de l\u2019eau chaude dans les installations de chauffage. Son moteur basse consommation assure une r\u00e9duction des co\u00fbts \u00e9nerg\u00e9tiques. Son installation est rapide et adapt\u00e9e \u00e0 divers syst\u00e8mes. Un \u00e9l\u00e9ment essentiel pour une performance \u00e9nerg\u00e9tique durable.<\/p>","protected":false},"excerpt":{"rendered":"<p>WILO CIRCULATEUR CC  STRATOS PICO 30\/0,5-6 L180 2&Prime; 4244400<\/p>","protected":false},"featured_media":21095,"comment_status":"open","ping_status":"closed","template":"","meta":[],"product_brand":[],"product_cat":[660],"product_tag":[],"class_list":{"0":"post-15565","1":"product","2":"type-product","3":"status-publish","4":"has-post-thumbnail","6":"product_cat-circulateur","7":"pa_marque-wilo","9":"first","10":"instock","11":"sale","12":"taxable","13":"shipping-taxable","14":"purchasable","15":"product-type-simple"},"aioseo_notices":[],"_links":{"self":[{"href":"https:\/\/promochaudiere.be\/nl\/wp-json\/wp\/v2\/product\/15565","targetHints":{"allow":["GET"]}}],"collection":[{"href":"https:\/\/promochaudiere.be\/nl\/wp-json\/wp\/v2\/product"}],"about":[{"href":"https:\/\/promochaudiere.be\/nl\/wp-json\/wp\/v2\/types\/product"}],"replies":[{"embeddable":true,"href":"https:\/\/promochaudiere.be\/nl\/wp-json\/wp\/v2\/comments?post=15565"}],"version-history":[{"count":1,"href":"https:\/\/promochaudiere.be\/nl\/wp-json\/wp\/v2\/product\/15565\/revisions"}],"predecessor-version":[{"id":52814,"href":"https:\/\/promochaudiere.be\/nl\/wp-json\/wp\/v2\/product\/15565\/revisions\/52814"}],"wp:featuredmedia":[{"embeddable":true,"href":"https:\/\/promochaudiere.be\/nl\/wp-json\/wp\/v2\/media\/21095"}],"wp:attachment":[{"href":"https:\/\/promochaudiere.be\/nl\/wp-json\/wp\/v2\/media?parent=15565"}],"wp:term":[{"taxonomy":"product_brand","embeddable":true,"href":"https:\/\/promochaudiere.be\/nl\/wp-json\/wp\/v2\/product_brand?post=15565"},{"taxonomy":"product_cat","embeddable":true,"href":"https:\/\/promochaudiere.be\/nl\/wp-json\/wp\/v2\/product_cat?post=15565"},{"taxonomy":"product_tag","embeddable":true,"href":"https:\/\/promochaudiere.be\/nl\/wp-json\/wp\/v2\/product_tag?post=15565"}],"curies":[{"name":"wp","href":"https:\/\/api.w.org\/{rel}","templated":true}]}}