{"id":15566,"date":"2025-01-17T10:00:17","date_gmt":"2025-01-17T10:00:17","guid":{"rendered":"https:\/\/promochaudiere.be\/produit\/dab-pompe-auto-amorcante-euro-inox-30-30pc-60213224\/"},"modified":"2026-02-03T19:40:09","modified_gmt":"2026-02-03T18:40:09","slug":"dab-pompe-auto-amorcante-euro-inox-30-30pc-60213224","status":"publish","type":"product","link":"https:\/\/promochaudiere.be\/product\/dab-pompe-auto-amorcante-euro-inox-30-30pc-60213224\/","title":{"rendered":"DAB pompe auto-amor\u00e7ante Euro-inox 30\/30pc 60213224"},"content":{"rendered":"<p>Cette pompe auto-amor\u00e7ante est id\u00e9ale pour l\u2019approvisionnement en eau domestique et agricole. Son moteur puissant assure un d\u00e9bit constant et une pression optimale. Fabriqu\u00e9e en inox, elle r\u00e9siste \u00e0 la corrosion et aux conditions difficiles. Son syst\u00e8me auto-amor\u00e7ant facilite la mise en service et limite les interventions de maintenance. Elle garantit une consommation \u00e9nerg\u00e9tique optimis\u00e9e pour une utilisation \u00e9conomique. Une solution performante et durable pour une gestion efficace de l\u2019eau.<\/p>","protected":false},"excerpt":{"rendered":"<p>DAB pompe auto-amor\u00e7ante Euro-inox 30\/30pc 60213224<\/p>","protected":false},"featured_media":21193,"comment_status":"open","ping_status":"closed","template":"","meta":[],"product_brand":[],"product_cat":[706],"product_tag":[],"class_list":{"0":"post-15566","1":"product","2":"type-product","3":"status-publish","4":"has-post-thumbnail","6":"product_cat-pompe-hydrophore","7":"pa_marque-dab","9":"first","10":"instock","11":"sale","12":"taxable","13":"shipping-taxable","14":"purchasable","15":"product-type-simple"},"aioseo_notices":[],"_links":{"self":[{"href":"https:\/\/promochaudiere.be\/nl\/wp-json\/wp\/v2\/product\/15566","targetHints":{"allow":["GET"]}}],"collection":[{"href":"https:\/\/promochaudiere.be\/nl\/wp-json\/wp\/v2\/product"}],"about":[{"href":"https:\/\/promochaudiere.be\/nl\/wp-json\/wp\/v2\/types\/product"}],"replies":[{"embeddable":true,"href":"https:\/\/promochaudiere.be\/nl\/wp-json\/wp\/v2\/comments?post=15566"}],"version-history":[{"count":1,"href":"https:\/\/promochaudiere.be\/nl\/wp-json\/wp\/v2\/product\/15566\/revisions"}],"predecessor-version":[{"id":44700,"href":"https:\/\/promochaudiere.be\/nl\/wp-json\/wp\/v2\/product\/15566\/revisions\/44700"}],"wp:featuredmedia":[{"embeddable":true,"href":"https:\/\/promochaudiere.be\/nl\/wp-json\/wp\/v2\/media\/21193"}],"wp:attachment":[{"href":"https:\/\/promochaudiere.be\/nl\/wp-json\/wp\/v2\/media?parent=15566"}],"wp:term":[{"taxonomy":"product_brand","embeddable":true,"href":"https:\/\/promochaudiere.be\/nl\/wp-json\/wp\/v2\/product_brand?post=15566"},{"taxonomy":"product_cat","embeddable":true,"href":"https:\/\/promochaudiere.be\/nl\/wp-json\/wp\/v2\/product_cat?post=15566"},{"taxonomy":"product_tag","embeddable":true,"href":"https:\/\/promochaudiere.be\/nl\/wp-json\/wp\/v2\/product_tag?post=15566"}],"curies":[{"name":"wp","href":"https:\/\/api.w.org\/{rel}","templated":true}]}}