{"id":15572,"date":"2025-01-17T10:00:20","date_gmt":"2025-01-17T10:00:20","guid":{"rendered":"https:\/\/promochaudiere.be\/produit\/grundfos-commande-electrique-du-niveau-pour-pompe-vide-cave-96871268\/"},"modified":"2026-02-03T18:16:48","modified_gmt":"2026-02-03T17:16:48","slug":"grundfos-commande-electrique-du-niveau-pour-pompe-vide-cave-96871268","status":"publish","type":"product","link":"https:\/\/promochaudiere.be\/nl\/product\/grundfos-commande-electrique-du-niveau-pour-pompe-vide-cave-96871268\/","title":{"rendered":"Grundfos commande \u00e9lectrique du niveau pour pompe vide-cave 96871268"},"content":{"rendered":"<p>La commande \u00e9lectrique de niveau Grundfos permet une gestion automatique du niveau d\u2019eau dans les syst\u00e8mes de pompage. Elle assure un fonctionnement s\u00e9curis\u00e9 en \u00e9vitant les d\u00e9bordements ou les fonctionnements \u00e0 sec. Facile \u00e0 installer, elle s\u2019int\u00e8gre parfaitement aux pompes Grundfos et autres syst\u00e8mes similaires. Son design robuste garantit une fiabilit\u00e9 durable, m\u00eame dans des conditions exigeantes. Un \u00e9quipement indispensable pour un contr\u00f4le pr\u00e9cis et efficace du niveau d\u2019eau.<\/p>","protected":false},"excerpt":{"rendered":"<p>Grundfos commande \u00e9lectrique du niveau pour pompe vide-cave 96871268<\/p>","protected":false},"featured_media":21172,"comment_status":"open","ping_status":"closed","template":"","meta":[],"product_brand":[],"product_cat":[5491],"product_tag":[],"class_list":{"0":"post-15572","1":"product","2":"type-product","3":"status-publish","4":"has-post-thumbnail","6":"product_cat-accessoires-fr","7":"pa_marque-grundfos","9":"first","10":"instock","11":"sale","12":"taxable","13":"shipping-taxable","14":"purchasable","15":"product-type-simple"},"aioseo_notices":[],"_links":{"self":[{"href":"https:\/\/promochaudiere.be\/nl\/wp-json\/wp\/v2\/product\/15572","targetHints":{"allow":["GET"]}}],"collection":[{"href":"https:\/\/promochaudiere.be\/nl\/wp-json\/wp\/v2\/product"}],"about":[{"href":"https:\/\/promochaudiere.be\/nl\/wp-json\/wp\/v2\/types\/product"}],"replies":[{"embeddable":true,"href":"https:\/\/promochaudiere.be\/nl\/wp-json\/wp\/v2\/comments?post=15572"}],"version-history":[{"count":1,"href":"https:\/\/promochaudiere.be\/nl\/wp-json\/wp\/v2\/product\/15572\/revisions"}],"predecessor-version":[{"id":44695,"href":"https:\/\/promochaudiere.be\/nl\/wp-json\/wp\/v2\/product\/15572\/revisions\/44695"}],"wp:featuredmedia":[{"embeddable":true,"href":"https:\/\/promochaudiere.be\/nl\/wp-json\/wp\/v2\/media\/21172"}],"wp:attachment":[{"href":"https:\/\/promochaudiere.be\/nl\/wp-json\/wp\/v2\/media?parent=15572"}],"wp:term":[{"taxonomy":"product_brand","embeddable":true,"href":"https:\/\/promochaudiere.be\/nl\/wp-json\/wp\/v2\/product_brand?post=15572"},{"taxonomy":"product_cat","embeddable":true,"href":"https:\/\/promochaudiere.be\/nl\/wp-json\/wp\/v2\/product_cat?post=15572"},{"taxonomy":"product_tag","embeddable":true,"href":"https:\/\/promochaudiere.be\/nl\/wp-json\/wp\/v2\/product_tag?post=15572"}],"curies":[{"name":"wp","href":"https:\/\/api.w.org\/{rel}","templated":true}]}}