{"id":15573,"date":"2025-01-17T10:00:20","date_gmt":"2025-01-17T10:00:20","guid":{"rendered":"https:\/\/promochaudiere.be\/produit\/wilo-circulateur-sanitaire-yonos-pico-z-25-05-4-180-4255417\/"},"modified":"2026-02-03T18:16:59","modified_gmt":"2026-02-03T17:16:59","slug":"wilo-circulateur-sanitaire-yonos-pico-z-25-05-4-180-4255417","status":"publish","type":"product","link":"https:\/\/promochaudiere.be\/nl\/product\/wilo-circulateur-sanitaire-yonos-pico-z-25-05-4-180-4255417\/","title":{"rendered":"WILO CIRCULATEUR SANITAIRE YONOS PICO-Z 25\/0,5-4 180 4255417"},"content":{"rendered":"<p>Ce circulateur Wilo Yonos Pico-Z assure une distribution stable et rapide de l\u2019eau chaude sanitaire. Son moteur haute performance optimise la consommation \u00e9nerg\u00e9tique. Facile \u00e0 poser, il garantit une temp\u00e9rature homog\u00e8ne dans le circuit. Un choix id\u00e9al pour les installations domestiques et professionnelles n\u00e9cessitant un d\u00e9bit fiable.<\/p>","protected":false},"excerpt":{"rendered":"<p>WILO CIRCULATEUR SANITAIRE YONOS PICO-Z 25\/0,5-4 180 4255417<\/p>","protected":false},"featured_media":21099,"comment_status":"open","ping_status":"closed","template":"","meta":[],"product_brand":[],"product_cat":[660],"product_tag":[],"class_list":{"0":"post-15573","1":"product","2":"type-product","3":"status-publish","4":"has-post-thumbnail","6":"product_cat-circulateur","7":"pa_marque-wilo","9":"first","10":"instock","11":"sale","12":"taxable","13":"shipping-taxable","14":"purchasable","15":"product-type-simple"},"aioseo_notices":[],"_links":{"self":[{"href":"https:\/\/promochaudiere.be\/nl\/wp-json\/wp\/v2\/product\/15573","targetHints":{"allow":["GET"]}}],"collection":[{"href":"https:\/\/promochaudiere.be\/nl\/wp-json\/wp\/v2\/product"}],"about":[{"href":"https:\/\/promochaudiere.be\/nl\/wp-json\/wp\/v2\/types\/product"}],"replies":[{"embeddable":true,"href":"https:\/\/promochaudiere.be\/nl\/wp-json\/wp\/v2\/comments?post=15573"}],"version-history":[{"count":1,"href":"https:\/\/promochaudiere.be\/nl\/wp-json\/wp\/v2\/product\/15573\/revisions"}],"predecessor-version":[{"id":52813,"href":"https:\/\/promochaudiere.be\/nl\/wp-json\/wp\/v2\/product\/15573\/revisions\/52813"}],"wp:featuredmedia":[{"embeddable":true,"href":"https:\/\/promochaudiere.be\/nl\/wp-json\/wp\/v2\/media\/21099"}],"wp:attachment":[{"href":"https:\/\/promochaudiere.be\/nl\/wp-json\/wp\/v2\/media?parent=15573"}],"wp:term":[{"taxonomy":"product_brand","embeddable":true,"href":"https:\/\/promochaudiere.be\/nl\/wp-json\/wp\/v2\/product_brand?post=15573"},{"taxonomy":"product_cat","embeddable":true,"href":"https:\/\/promochaudiere.be\/nl\/wp-json\/wp\/v2\/product_cat?post=15573"},{"taxonomy":"product_tag","embeddable":true,"href":"https:\/\/promochaudiere.be\/nl\/wp-json\/wp\/v2\/product_tag?post=15573"}],"curies":[{"name":"wp","href":"https:\/\/api.w.org\/{rel}","templated":true}]}}