{"id":15578,"date":"2025-01-17T10:00:22","date_gmt":"2025-01-17T10:00:22","guid":{"rendered":"https:\/\/promochaudiere.be\/produit\/radson-vertical-22x1800x450-ral9016-1774w-vrp2218004509016\/"},"modified":"2026-02-03T18:16:54","modified_gmt":"2026-02-03T17:16:54","slug":"radson-vertical-22x1800x450-ral9016-1774w-vrp2218004509016","status":"publish","type":"product","link":"https:\/\/promochaudiere.be\/nl\/product\/radson-vertical-22x1800x450-ral9016-1774w-vrp2218004509016\/","title":{"rendered":"Radson Vertical 22x1800x450 RAL9016 1774W VRP2218004509016"},"content":{"rendered":"<p>Le Radson Vertical est un radiateur \u00e0 panneaux con\u00e7u pour allier performance thermique et optimisation de l\u2019espace. Gr\u00e2ce \u00e0 sa disposition verticale, il est id\u00e9al pour les pi\u00e8ces o\u00f9 la surface murale est limit\u00e9e, tout en offrant une puissance calorifique adapt\u00e9e \u00e0 diff\u00e9rentes superficies. Son design \u00e9pur\u00e9, avec une fa\u00e7ade avant rainur\u00e9e et des panneaux lat\u00e9raux arrondis, s\u2019int\u00e8gre harmonieusement dans tout type d\u2019int\u00e9rieur, qu\u2019il soit moderne ou classique. Fabriqu\u00e9 en acier de haute qualit\u00e9, ce radiateur garantit durabilit\u00e9 et efficacit\u00e9 \u00e9nerg\u00e9tique.<\/p>","protected":false},"excerpt":{"rendered":"<p>Radson Vertical 22x1800x450 RAL9016 1774W VRP2218004509016<\/p>","protected":false},"featured_media":20808,"comment_status":"open","ping_status":"closed","template":"","meta":[],"product_brand":[],"product_cat":[10648],"product_tag":[],"class_list":{"0":"post-15578","1":"product","2":"type-product","3":"status-publish","4":"has-post-thumbnail","6":"product_cat-vertical","7":"pa_marque-radson","9":"first","10":"instock","11":"sale","12":"taxable","13":"shipping-taxable","14":"purchasable","15":"product-type-simple"},"aioseo_notices":[],"_links":{"self":[{"href":"https:\/\/promochaudiere.be\/nl\/wp-json\/wp\/v2\/product\/15578","targetHints":{"allow":["GET"]}}],"collection":[{"href":"https:\/\/promochaudiere.be\/nl\/wp-json\/wp\/v2\/product"}],"about":[{"href":"https:\/\/promochaudiere.be\/nl\/wp-json\/wp\/v2\/types\/product"}],"replies":[{"embeddable":true,"href":"https:\/\/promochaudiere.be\/nl\/wp-json\/wp\/v2\/comments?post=15578"}],"version-history":[{"count":1,"href":"https:\/\/promochaudiere.be\/nl\/wp-json\/wp\/v2\/product\/15578\/revisions"}],"predecessor-version":[{"id":44690,"href":"https:\/\/promochaudiere.be\/nl\/wp-json\/wp\/v2\/product\/15578\/revisions\/44690"}],"wp:featuredmedia":[{"embeddable":true,"href":"https:\/\/promochaudiere.be\/nl\/wp-json\/wp\/v2\/media\/20808"}],"wp:attachment":[{"href":"https:\/\/promochaudiere.be\/nl\/wp-json\/wp\/v2\/media?parent=15578"}],"wp:term":[{"taxonomy":"product_brand","embeddable":true,"href":"https:\/\/promochaudiere.be\/nl\/wp-json\/wp\/v2\/product_brand?post=15578"},{"taxonomy":"product_cat","embeddable":true,"href":"https:\/\/promochaudiere.be\/nl\/wp-json\/wp\/v2\/product_cat?post=15578"},{"taxonomy":"product_tag","embeddable":true,"href":"https:\/\/promochaudiere.be\/nl\/wp-json\/wp\/v2\/product_tag?post=15578"}],"curies":[{"name":"wp","href":"https:\/\/api.w.org\/{rel}","templated":true}]}}