{"id":15583,"date":"2025-01-17T10:00:24","date_gmt":"2025-01-17T10:00:24","guid":{"rendered":"https:\/\/promochaudiere.be\/produit\/duco-kit-de-base-pour-ducobox-silent-connect-00004224\/"},"modified":"2026-02-03T18:16:54","modified_gmt":"2026-02-03T17:16:54","slug":"duco-kit-de-base-pour-ducobox-silent-connect-00004224","status":"publish","type":"product","link":"https:\/\/promochaudiere.be\/nl\/product\/duco-kit-de-base-pour-ducobox-silent-connect-00004224\/","title":{"rendered":"Duco KIT DE BASE POUR DUCOBOX SILENT CONNECT 00004224"},"content":{"rendered":"<p>Ce kit est sp\u00e9cialement con\u00e7u pour l\u2019installation du DucoBox Silent Connect. Il assure une extraction efficace de l\u2019air vici\u00e9 avec un fonctionnement silencieux. Facile \u00e0 monter, il optimise les performances du syst\u00e8me de ventilation. Ses composants robustes garantissent une \u00e9tanch\u00e9it\u00e9 et une durabilit\u00e9 accrues. Il contribue \u00e0 am\u00e9liorer la qualit\u00e9 de l\u2019air int\u00e9rieur en r\u00e9duisant l\u2019humidit\u00e9 et les polluants. Un choix parfait pour une maison saine et bien ventil\u00e9e.<\/p>","protected":false},"excerpt":{"rendered":"<p>Duco KIT DE BASE POUR DUCOBOX SILENT CONNECT 00004224<\/p>","protected":false},"featured_media":22209,"comment_status":"open","ping_status":"closed","template":"","meta":[],"product_brand":[],"product_cat":[10943,8840],"product_tag":[],"class_list":{"0":"post-15583","1":"product","2":"type-product","3":"status-publish","4":"has-post-thumbnail","6":"product_cat-accessoires-duco","7":"product_cat-test","8":"pa_marque-duco","10":"first","11":"instock","12":"sale","13":"taxable","14":"shipping-taxable","15":"purchasable","16":"product-type-simple"},"aioseo_notices":[],"_links":{"self":[{"href":"https:\/\/promochaudiere.be\/nl\/wp-json\/wp\/v2\/product\/15583","targetHints":{"allow":["GET"]}}],"collection":[{"href":"https:\/\/promochaudiere.be\/nl\/wp-json\/wp\/v2\/product"}],"about":[{"href":"https:\/\/promochaudiere.be\/nl\/wp-json\/wp\/v2\/types\/product"}],"replies":[{"embeddable":true,"href":"https:\/\/promochaudiere.be\/nl\/wp-json\/wp\/v2\/comments?post=15583"}],"version-history":[{"count":1,"href":"https:\/\/promochaudiere.be\/nl\/wp-json\/wp\/v2\/product\/15583\/revisions"}],"predecessor-version":[{"id":44686,"href":"https:\/\/promochaudiere.be\/nl\/wp-json\/wp\/v2\/product\/15583\/revisions\/44686"}],"wp:featuredmedia":[{"embeddable":true,"href":"https:\/\/promochaudiere.be\/nl\/wp-json\/wp\/v2\/media\/22209"}],"wp:attachment":[{"href":"https:\/\/promochaudiere.be\/nl\/wp-json\/wp\/v2\/media?parent=15583"}],"wp:term":[{"taxonomy":"product_brand","embeddable":true,"href":"https:\/\/promochaudiere.be\/nl\/wp-json\/wp\/v2\/product_brand?post=15583"},{"taxonomy":"product_cat","embeddable":true,"href":"https:\/\/promochaudiere.be\/nl\/wp-json\/wp\/v2\/product_cat?post=15583"},{"taxonomy":"product_tag","embeddable":true,"href":"https:\/\/promochaudiere.be\/nl\/wp-json\/wp\/v2\/product_tag?post=15583"}],"curies":[{"name":"wp","href":"https:\/\/api.w.org\/{rel}","templated":true}]}}