{"id":15589,"date":"2025-01-17T10:00:27","date_gmt":"2025-01-17T10:00:27","guid":{"rendered":"https:\/\/promochaudiere.be\/produit\/vaillant-echangeur-de-chaleur-103411\/"},"modified":"2026-02-03T18:16:54","modified_gmt":"2026-02-03T17:16:54","slug":"vaillant-echangeur-de-chaleur-103411","status":"publish","type":"product","link":"https:\/\/promochaudiere.be\/nl\/product\/vaillant-echangeur-de-chaleur-103411\/","title":{"rendered":"Vaillant Echangeur de chaleur 103411"},"content":{"rendered":"<p>Cet \u00e9changeur de chaleur Vaillant assure une transmission thermique optimale entre les circuits de chauffage. Sa conception robuste garantit une haute r\u00e9sistance \u00e0 la corrosion et aux variations de temp\u00e9rature. Compatible avec plusieurs mod\u00e8les de chaudi\u00e8res Vaillant. Son installation est simple et rapide. Id\u00e9al pour optimiser la consommation d\u2019\u00e9nergie et garantir un confort thermique constant.<\/p>","protected":false},"excerpt":{"rendered":"<p>Vaillant Echangeur de chaleur 103411<\/p>","protected":false},"featured_media":21073,"comment_status":"open","ping_status":"closed","template":"","meta":[],"product_brand":[],"product_cat":[8917,8840],"product_tag":[],"class_list":{"0":"post-15589","1":"product","2":"type-product","3":"status-publish","4":"has-post-thumbnail","6":"product_cat-pieces-detachees-vaillant","7":"product_cat-test","8":"pa_marque-vaillant","10":"first","11":"instock","12":"sale","13":"taxable","14":"shipping-taxable","15":"purchasable","16":"product-type-simple"},"aioseo_notices":[],"_links":{"self":[{"href":"https:\/\/promochaudiere.be\/nl\/wp-json\/wp\/v2\/product\/15589","targetHints":{"allow":["GET"]}}],"collection":[{"href":"https:\/\/promochaudiere.be\/nl\/wp-json\/wp\/v2\/product"}],"about":[{"href":"https:\/\/promochaudiere.be\/nl\/wp-json\/wp\/v2\/types\/product"}],"replies":[{"embeddable":true,"href":"https:\/\/promochaudiere.be\/nl\/wp-json\/wp\/v2\/comments?post=15589"}],"version-history":[{"count":1,"href":"https:\/\/promochaudiere.be\/nl\/wp-json\/wp\/v2\/product\/15589\/revisions"}],"predecessor-version":[{"id":52809,"href":"https:\/\/promochaudiere.be\/nl\/wp-json\/wp\/v2\/product\/15589\/revisions\/52809"}],"wp:featuredmedia":[{"embeddable":true,"href":"https:\/\/promochaudiere.be\/nl\/wp-json\/wp\/v2\/media\/21073"}],"wp:attachment":[{"href":"https:\/\/promochaudiere.be\/nl\/wp-json\/wp\/v2\/media?parent=15589"}],"wp:term":[{"taxonomy":"product_brand","embeddable":true,"href":"https:\/\/promochaudiere.be\/nl\/wp-json\/wp\/v2\/product_brand?post=15589"},{"taxonomy":"product_cat","embeddable":true,"href":"https:\/\/promochaudiere.be\/nl\/wp-json\/wp\/v2\/product_cat?post=15589"},{"taxonomy":"product_tag","embeddable":true,"href":"https:\/\/promochaudiere.be\/nl\/wp-json\/wp\/v2\/product_tag?post=15589"}],"curies":[{"name":"wp","href":"https:\/\/api.w.org\/{rel}","templated":true}]}}