{"id":15591,"date":"2025-01-17T10:00:27","date_gmt":"2025-01-17T10:00:27","guid":{"rendered":"https:\/\/promochaudiere.be\/produit\/reflex-vase-dexpansion-sanitaire-de-100l-10bar-7306600\/"},"modified":"2026-02-03T18:16:56","modified_gmt":"2026-02-03T17:16:56","slug":"reflex-vase-dexpansion-sanitaire-de-100l-10bar-7306600","status":"publish","type":"product","link":"https:\/\/promochaudiere.be\/nl\/product\/reflex-vase-dexpansion-sanitaire-de-100l-10bar-7306600\/","title":{"rendered":"Reflex Vase d&rsquo;expansion sanitaire de 100l 10BAR 7306600"},"content":{"rendered":"<p>D\u2019une capacit\u00e9 de 100 litres, ce vase d\u2019expansion Reflex est con\u00e7u pour maintenir une pression stable dans les syst\u00e8mes d\u2019eau chaude sanitaire. Il prot\u00e8ge les \u00e9quipements et assure une meilleure durabilit\u00e9 du r\u00e9seau hydraulique.<\/p>","protected":false},"excerpt":{"rendered":"<p>Reflex Vase d&rsquo;expansion sanitaire de 100l 10BAR 7306600<\/p>","protected":false},"featured_media":21126,"comment_status":"open","ping_status":"closed","template":"","meta":[],"product_brand":[],"product_cat":[322],"product_tag":[],"class_list":{"0":"post-15591","1":"product","2":"type-product","3":"status-publish","4":"has-post-thumbnail","6":"product_cat-vase-dexpansion","7":"pa_marque-reflex","9":"first","10":"instock","11":"sale","12":"taxable","13":"shipping-taxable","14":"purchasable","15":"product-type-simple"},"aioseo_notices":[],"_links":{"self":[{"href":"https:\/\/promochaudiere.be\/nl\/wp-json\/wp\/v2\/product\/15591","targetHints":{"allow":["GET"]}}],"collection":[{"href":"https:\/\/promochaudiere.be\/nl\/wp-json\/wp\/v2\/product"}],"about":[{"href":"https:\/\/promochaudiere.be\/nl\/wp-json\/wp\/v2\/types\/product"}],"replies":[{"embeddable":true,"href":"https:\/\/promochaudiere.be\/nl\/wp-json\/wp\/v2\/comments?post=15591"}],"version-history":[{"count":1,"href":"https:\/\/promochaudiere.be\/nl\/wp-json\/wp\/v2\/product\/15591\/revisions"}],"predecessor-version":[{"id":44682,"href":"https:\/\/promochaudiere.be\/nl\/wp-json\/wp\/v2\/product\/15591\/revisions\/44682"}],"wp:featuredmedia":[{"embeddable":true,"href":"https:\/\/promochaudiere.be\/nl\/wp-json\/wp\/v2\/media\/21126"}],"wp:attachment":[{"href":"https:\/\/promochaudiere.be\/nl\/wp-json\/wp\/v2\/media?parent=15591"}],"wp:term":[{"taxonomy":"product_brand","embeddable":true,"href":"https:\/\/promochaudiere.be\/nl\/wp-json\/wp\/v2\/product_brand?post=15591"},{"taxonomy":"product_cat","embeddable":true,"href":"https:\/\/promochaudiere.be\/nl\/wp-json\/wp\/v2\/product_cat?post=15591"},{"taxonomy":"product_tag","embeddable":true,"href":"https:\/\/promochaudiere.be\/nl\/wp-json\/wp\/v2\/product_tag?post=15591"}],"curies":[{"name":"wp","href":"https:\/\/api.w.org\/{rel}","templated":true}]}}