{"id":15592,"date":"2025-01-17T10:00:28","date_gmt":"2025-01-17T10:00:28","guid":{"rendered":"https:\/\/promochaudiere.be\/produit\/radson-flores-h1537xl600-804w-racc-central-ral9016-fl0615m9016\/"},"modified":"2026-02-03T18:16:55","modified_gmt":"2026-02-03T17:16:55","slug":"radson-flores-h1537xl600-804w-raccordement-central-ral9016-fl0615m9016","status":"publish","type":"product","link":"https:\/\/promochaudiere.be\/nl\/product\/radson-flores-h1537xl600-804w-raccordement-central-ral9016-fl0615m9016\/","title":{"rendered":"Radson Flores H1537xL600 804W raccordement central &#8211; RAL9016 FL0615M9016"},"content":{"rendered":"<p>Le Radson Flores est un radiateur s\u00e8che-serviettes \u00e9l\u00e9gant et fonctionnel, con\u00e7u pour apporter confort thermique et praticit\u00e9 \u00e0 votre salle de bains. Fabriqu\u00e9 en acier de haute qualit\u00e9, il se compose de tubes ronds fins et discrets, soud\u00e9s sur des collecteurs en forme de \u00ab\u00a0D\u00a0\u00bb, garantissant une diffusion homog\u00e8ne de la chaleur et une solidit\u00e9 optimale. Son design minimaliste s\u2019int\u00e8gre harmonieusement dans tous les styles de d\u00e9coration, tandis que ses dimensions vari\u00e9es s\u2019adaptent aux espaces les plus restreints comme aux grandes salles de bains.<\/p>","protected":false},"excerpt":{"rendered":"<p>Radson Flores H1537xL600 804W raccordement central &#8211; RAL9016 FL0615M9016<\/p>","protected":false},"featured_media":20728,"comment_status":"open","ping_status":"closed","template":"","meta":[],"product_brand":[],"product_cat":[10421],"product_tag":[],"class_list":{"0":"post-15592","1":"product","2":"type-product","3":"status-publish","4":"has-post-thumbnail","6":"product_cat-flores","7":"pa_marque-radson","9":"first","10":"instock","11":"sale","12":"taxable","13":"shipping-taxable","14":"purchasable","15":"product-type-simple"},"aioseo_notices":[],"_links":{"self":[{"href":"https:\/\/promochaudiere.be\/nl\/wp-json\/wp\/v2\/product\/15592","targetHints":{"allow":["GET"]}}],"collection":[{"href":"https:\/\/promochaudiere.be\/nl\/wp-json\/wp\/v2\/product"}],"about":[{"href":"https:\/\/promochaudiere.be\/nl\/wp-json\/wp\/v2\/types\/product"}],"replies":[{"embeddable":true,"href":"https:\/\/promochaudiere.be\/nl\/wp-json\/wp\/v2\/comments?post=15592"}],"version-history":[{"count":2,"href":"https:\/\/promochaudiere.be\/nl\/wp-json\/wp\/v2\/product\/15592\/revisions"}],"predecessor-version":[{"id":44680,"href":"https:\/\/promochaudiere.be\/nl\/wp-json\/wp\/v2\/product\/15592\/revisions\/44680"}],"wp:featuredmedia":[{"embeddable":true,"href":"https:\/\/promochaudiere.be\/nl\/wp-json\/wp\/v2\/media\/20728"}],"wp:attachment":[{"href":"https:\/\/promochaudiere.be\/nl\/wp-json\/wp\/v2\/media?parent=15592"}],"wp:term":[{"taxonomy":"product_brand","embeddable":true,"href":"https:\/\/promochaudiere.be\/nl\/wp-json\/wp\/v2\/product_brand?post=15592"},{"taxonomy":"product_cat","embeddable":true,"href":"https:\/\/promochaudiere.be\/nl\/wp-json\/wp\/v2\/product_cat?post=15592"},{"taxonomy":"product_tag","embeddable":true,"href":"https:\/\/promochaudiere.be\/nl\/wp-json\/wp\/v2\/product_tag?post=15592"}],"curies":[{"name":"wp","href":"https:\/\/api.w.org\/{rel}","templated":true}]}}