{"id":15602,"date":"2025-01-17T10:00:32","date_gmt":"2025-01-17T10:00:32","guid":{"rendered":"https:\/\/promochaudiere.be\/produit\/wilo-circulateur-yonos-pico-30-1-8-mono-4215521\/"},"modified":"2026-02-03T19:40:08","modified_gmt":"2026-02-03T18:40:08","slug":"wilo-circulateur-yonos-pico-30-1-8-mono-4215521","status":"publish","type":"product","link":"https:\/\/promochaudiere.be\/nl\/product\/wilo-circulateur-yonos-pico-30-1-8-mono-4215521\/","title":{"rendered":"Wilo circulateur yonos pico 30\/1-8 mono 4215521"},"content":{"rendered":"<p>Ce circulateur Wilo Yonos Pico 30\/1-8 Mono assure une performance thermique optimale gr\u00e2ce \u00e0 sa circulation fluide du fluide caloporteur. Son moteur \u00e0 haut rendement garantit une consommation minimale d\u2019\u00e9nergie. Facile \u00e0 int\u00e9grer aux installations de chauffage, il assure un confort thermique constant. Id\u00e9al pour am\u00e9liorer l\u2019efficacit\u00e9 \u00e9nerg\u00e9tique du circuit.<\/p>","protected":false},"excerpt":{"rendered":"<p>Wilo circulateur yonos pico 30\/1-8 mono 4215521<\/p>","protected":false},"featured_media":21097,"comment_status":"open","ping_status":"closed","template":"","meta":[],"product_brand":[],"product_cat":[660],"product_tag":[],"class_list":{"0":"post-15602","1":"product","2":"type-product","3":"status-publish","4":"has-post-thumbnail","6":"product_cat-circulateur","7":"pa_marque-wilo","9":"first","10":"instock","11":"sale","12":"taxable","13":"shipping-taxable","14":"purchasable","15":"product-type-simple"},"aioseo_notices":[],"_links":{"self":[{"href":"https:\/\/promochaudiere.be\/nl\/wp-json\/wp\/v2\/product\/15602","targetHints":{"allow":["GET"]}}],"collection":[{"href":"https:\/\/promochaudiere.be\/nl\/wp-json\/wp\/v2\/product"}],"about":[{"href":"https:\/\/promochaudiere.be\/nl\/wp-json\/wp\/v2\/types\/product"}],"replies":[{"embeddable":true,"href":"https:\/\/promochaudiere.be\/nl\/wp-json\/wp\/v2\/comments?post=15602"}],"version-history":[{"count":1,"href":"https:\/\/promochaudiere.be\/nl\/wp-json\/wp\/v2\/product\/15602\/revisions"}],"predecessor-version":[{"id":52807,"href":"https:\/\/promochaudiere.be\/nl\/wp-json\/wp\/v2\/product\/15602\/revisions\/52807"}],"wp:featuredmedia":[{"embeddable":true,"href":"https:\/\/promochaudiere.be\/nl\/wp-json\/wp\/v2\/media\/21097"}],"wp:attachment":[{"href":"https:\/\/promochaudiere.be\/nl\/wp-json\/wp\/v2\/media?parent=15602"}],"wp:term":[{"taxonomy":"product_brand","embeddable":true,"href":"https:\/\/promochaudiere.be\/nl\/wp-json\/wp\/v2\/product_brand?post=15602"},{"taxonomy":"product_cat","embeddable":true,"href":"https:\/\/promochaudiere.be\/nl\/wp-json\/wp\/v2\/product_cat?post=15602"},{"taxonomy":"product_tag","embeddable":true,"href":"https:\/\/promochaudiere.be\/nl\/wp-json\/wp\/v2\/product_tag?post=15602"}],"curies":[{"name":"wp","href":"https:\/\/api.w.org\/{rel}","templated":true}]}}