{"id":15603,"date":"2025-01-17T10:00:32","date_gmt":"2025-01-17T10:00:32","guid":{"rendered":"https:\/\/promochaudiere.be\/produit\/grundfos-pompe-vide-cave-kp250-a-1-plus-flotteur-hors-recupel-012h1600\/"},"modified":"2026-02-03T19:40:10","modified_gmt":"2026-02-03T18:40:10","slug":"grundfos-pompe-vide-cave-kp250-a-1-plus-flotteur-hors-recupel-012h1600","status":"publish","type":"product","link":"https:\/\/promochaudiere.be\/nl\/product\/grundfos-pompe-vide-cave-kp250-a-1-plus-flotteur-hors-recupel-012h1600\/","title":{"rendered":"Grundfos pompe vide-cave  kp250-a-1  plus flotteur hors recupel 012H1600"},"content":{"rendered":"<p>Cette pompe vide-cave Grundfos KP250-A-1 est con\u00e7ue pour \u00e9vacuer rapidement l\u2019eau accumul\u00e9e dans les caves et sous-sols. Son flotteur automatique assure un d\u00e9clenchement pr\u00e9cis pour \u00e9viter les inondations. Son bo\u00eetier en acier inoxydable offre une excellente r\u00e9sistance \u00e0 l\u2019humidit\u00e9 et \u00e0 la corrosion. Facile \u00e0 installer, elle garantit une efficacit\u00e9 optimale. Un \u00e9quipement essentiel pour la gestion des eaux us\u00e9es.<\/p>","protected":false},"excerpt":{"rendered":"<p>Grundfos pompe vide-cave  kp250-a-1  plus flotteur hors recupel 012H1600<\/p>","protected":false},"featured_media":21190,"comment_status":"open","ping_status":"closed","template":"","meta":[],"product_brand":[],"product_cat":[706],"product_tag":[],"class_list":{"0":"post-15603","1":"product","2":"type-product","3":"status-publish","4":"has-post-thumbnail","6":"product_cat-pompe-hydrophore","7":"pa_marque-grundfos","9":"first","10":"instock","11":"sale","12":"taxable","13":"shipping-taxable","14":"purchasable","15":"product-type-simple"},"aioseo_notices":[],"_links":{"self":[{"href":"https:\/\/promochaudiere.be\/nl\/wp-json\/wp\/v2\/product\/15603","targetHints":{"allow":["GET"]}}],"collection":[{"href":"https:\/\/promochaudiere.be\/nl\/wp-json\/wp\/v2\/product"}],"about":[{"href":"https:\/\/promochaudiere.be\/nl\/wp-json\/wp\/v2\/types\/product"}],"replies":[{"embeddable":true,"href":"https:\/\/promochaudiere.be\/nl\/wp-json\/wp\/v2\/comments?post=15603"}],"version-history":[{"count":1,"href":"https:\/\/promochaudiere.be\/nl\/wp-json\/wp\/v2\/product\/15603\/revisions"}],"predecessor-version":[{"id":44670,"href":"https:\/\/promochaudiere.be\/nl\/wp-json\/wp\/v2\/product\/15603\/revisions\/44670"}],"wp:featuredmedia":[{"embeddable":true,"href":"https:\/\/promochaudiere.be\/nl\/wp-json\/wp\/v2\/media\/21190"}],"wp:attachment":[{"href":"https:\/\/promochaudiere.be\/nl\/wp-json\/wp\/v2\/media?parent=15603"}],"wp:term":[{"taxonomy":"product_brand","embeddable":true,"href":"https:\/\/promochaudiere.be\/nl\/wp-json\/wp\/v2\/product_brand?post=15603"},{"taxonomy":"product_cat","embeddable":true,"href":"https:\/\/promochaudiere.be\/nl\/wp-json\/wp\/v2\/product_cat?post=15603"},{"taxonomy":"product_tag","embeddable":true,"href":"https:\/\/promochaudiere.be\/nl\/wp-json\/wp\/v2\/product_tag?post=15603"}],"curies":[{"name":"wp","href":"https:\/\/api.w.org\/{rel}","templated":true}]}}