{"id":15615,"date":"2025-01-17T10:00:38","date_gmt":"2025-01-17T10:00:38","guid":{"rendered":"https:\/\/promochaudiere.be\/produit\/wilo-pompe-a-eau-jet-fwj-203-em-4265610\/"},"modified":"2026-02-03T18:16:57","modified_gmt":"2026-02-03T17:16:57","slug":"wilo-pompe-a-eau-jet-fwj-203-em-4265610","status":"publish","type":"product","link":"https:\/\/promochaudiere.be\/product\/wilo-pompe-a-eau-jet-fwj-203-em-4265610\/","title":{"rendered":"Wilo pompe \u00e0 eau jet FWJ 203 EM 4265610"},"content":{"rendered":"<p>Cette pompe \u00e0 eau Wilo FWJ 203 EM est con\u00e7ue pour assurer un pompage efficace de l\u2019eau potable ou d\u2019irrigation. Son moteur haute performance garantit une pression stable. Facile \u00e0 installer, elle s\u2019adapte \u00e0 de nombreuses applications domestiques et industrielles. Un choix parfait pour un approvisionnement fiable en eau.<\/p>","protected":false},"excerpt":{"rendered":"<p>Wilo pompe \u00e0 eau jet FWJ 203 EM 4265610<\/p>","protected":false},"featured_media":21191,"comment_status":"open","ping_status":"closed","template":"","meta":[],"product_brand":[],"product_cat":[706],"product_tag":[],"class_list":{"0":"post-15615","1":"product","2":"type-product","3":"status-publish","4":"has-post-thumbnail","6":"product_cat-pompe-hydrophore","7":"pa_marque-wilo","9":"first","10":"instock","11":"sale","12":"taxable","13":"shipping-taxable","14":"purchasable","15":"product-type-simple"},"aioseo_notices":[],"_links":{"self":[{"href":"https:\/\/promochaudiere.be\/nl\/wp-json\/wp\/v2\/product\/15615","targetHints":{"allow":["GET"]}}],"collection":[{"href":"https:\/\/promochaudiere.be\/nl\/wp-json\/wp\/v2\/product"}],"about":[{"href":"https:\/\/promochaudiere.be\/nl\/wp-json\/wp\/v2\/types\/product"}],"replies":[{"embeddable":true,"href":"https:\/\/promochaudiere.be\/nl\/wp-json\/wp\/v2\/comments?post=15615"}],"version-history":[{"count":1,"href":"https:\/\/promochaudiere.be\/nl\/wp-json\/wp\/v2\/product\/15615\/revisions"}],"predecessor-version":[{"id":52803,"href":"https:\/\/promochaudiere.be\/nl\/wp-json\/wp\/v2\/product\/15615\/revisions\/52803"}],"wp:featuredmedia":[{"embeddable":true,"href":"https:\/\/promochaudiere.be\/nl\/wp-json\/wp\/v2\/media\/21191"}],"wp:attachment":[{"href":"https:\/\/promochaudiere.be\/nl\/wp-json\/wp\/v2\/media?parent=15615"}],"wp:term":[{"taxonomy":"product_brand","embeddable":true,"href":"https:\/\/promochaudiere.be\/nl\/wp-json\/wp\/v2\/product_brand?post=15615"},{"taxonomy":"product_cat","embeddable":true,"href":"https:\/\/promochaudiere.be\/nl\/wp-json\/wp\/v2\/product_cat?post=15615"},{"taxonomy":"product_tag","embeddable":true,"href":"https:\/\/promochaudiere.be\/nl\/wp-json\/wp\/v2\/product_tag?post=15615"}],"curies":[{"name":"wp","href":"https:\/\/api.w.org\/{rel}","templated":true}]}}