{"id":15622,"date":"2025-01-17T10:00:41","date_gmt":"2025-01-17T10:00:41","guid":{"rendered":"https:\/\/promochaudiere.be\/produit\/grundfos-pompe-vide-caveflotteur-incorpore-kp-250-av1-hors-recupel-012h1400\/"},"modified":"2026-02-03T18:16:52","modified_gmt":"2026-02-03T17:16:52","slug":"grundfos-pompe-vide-caveflotteur-incorpore-kp-250-av1-hors-recupel-012h1400","status":"publish","type":"product","link":"https:\/\/promochaudiere.be\/nl\/product\/grundfos-pompe-vide-caveflotteur-incorpore-kp-250-av1-hors-recupel-012h1400\/","title":{"rendered":"Grundfos Pompe VIDE-CAVE+FLOTTEUR incorpor\u00e9  KP 250-AV1 hors  RECUPEL 012H1400"},"content":{"rendered":"<p>Cette pompe vide-cave Grundfos est dot\u00e9e d\u2019un flotteur pour un d\u00e9clenchement automatique. Elle garantit une \u00e9vacuation rapide et efficace des eaux us\u00e9es. Sa conception robuste et anticorrosion assure une longue dur\u00e9e de vie. Facile \u00e0 installer, elle convient parfaitement aux sous-sols et garages sujets aux infiltrations d\u2019eau. Une solution fiable pour prot\u00e9ger votre habitation.<\/p>","protected":false},"excerpt":{"rendered":"<p>Grundfos Pompe VIDE-CAVE+FLOTTEUR incorpor\u00e9  KP 250-AV1 hors  RECUPEL 012H1400<\/p>","protected":false},"featured_media":21180,"comment_status":"open","ping_status":"closed","template":"","meta":[],"product_brand":[],"product_cat":[298],"product_tag":[],"class_list":{"0":"post-15622","1":"product","2":"type-product","3":"status-publish","4":"has-post-thumbnail","6":"product_cat-pompe","7":"pa_marque-grundfos","9":"first","10":"instock","11":"sale","12":"taxable","13":"shipping-taxable","14":"purchasable","15":"product-type-simple"},"aioseo_notices":[],"_links":{"self":[{"href":"https:\/\/promochaudiere.be\/nl\/wp-json\/wp\/v2\/product\/15622","targetHints":{"allow":["GET"]}}],"collection":[{"href":"https:\/\/promochaudiere.be\/nl\/wp-json\/wp\/v2\/product"}],"about":[{"href":"https:\/\/promochaudiere.be\/nl\/wp-json\/wp\/v2\/types\/product"}],"replies":[{"embeddable":true,"href":"https:\/\/promochaudiere.be\/nl\/wp-json\/wp\/v2\/comments?post=15622"}],"version-history":[{"count":1,"href":"https:\/\/promochaudiere.be\/nl\/wp-json\/wp\/v2\/product\/15622\/revisions"}],"predecessor-version":[{"id":44655,"href":"https:\/\/promochaudiere.be\/nl\/wp-json\/wp\/v2\/product\/15622\/revisions\/44655"}],"wp:featuredmedia":[{"embeddable":true,"href":"https:\/\/promochaudiere.be\/nl\/wp-json\/wp\/v2\/media\/21180"}],"wp:attachment":[{"href":"https:\/\/promochaudiere.be\/nl\/wp-json\/wp\/v2\/media?parent=15622"}],"wp:term":[{"taxonomy":"product_brand","embeddable":true,"href":"https:\/\/promochaudiere.be\/nl\/wp-json\/wp\/v2\/product_brand?post=15622"},{"taxonomy":"product_cat","embeddable":true,"href":"https:\/\/promochaudiere.be\/nl\/wp-json\/wp\/v2\/product_cat?post=15622"},{"taxonomy":"product_tag","embeddable":true,"href":"https:\/\/promochaudiere.be\/nl\/wp-json\/wp\/v2\/product_tag?post=15622"}],"curies":[{"name":"wp","href":"https:\/\/api.w.org\/{rel}","templated":true}]}}