{"id":15631,"date":"2025-01-17T10:00:44","date_gmt":"2025-01-17T10:00:44","guid":{"rendered":"https:\/\/promochaudiere.be\/produit\/dab-divertron-x-650-pompe-nue-60208444h\/"},"modified":"2026-02-03T18:16:57","modified_gmt":"2026-02-03T17:16:57","slug":"dab-divertron-x-650-pompe-nue-60208444h","status":"publish","type":"product","link":"https:\/\/promochaudiere.be\/nl\/product\/dab-divertron-x-650-pompe-nue-60208444h\/","title":{"rendered":"DAB DIVERTRON X 650 POMPE NUE 60208444H"},"content":{"rendered":"<p>Cette pompe immerg\u00e9e automatique est id\u00e9ale pour l\u2019alimentation en eau de puits ou citernes. Elle assure une distribution continue avec un d\u00e9bit puissant. Son moteur silencieux et performant r\u00e9duit la consommation d\u2019\u00e9nergie. Son bo\u00eetier robuste garantit une r\u00e9sistance aux conditions d\u2019immersion. Facile \u00e0 installer, elle ne n\u00e9cessite aucun syst\u00e8me de commande externe. Un choix parfait pour un approvisionnement autonome en eau.<\/p>","protected":false},"excerpt":{"rendered":"<p>DAB DIVERTRON X 650 POMPE NUE 60208444H<\/p>","protected":false},"featured_media":21184,"comment_status":"open","ping_status":"closed","template":"","meta":[],"product_brand":[],"product_cat":[298],"product_tag":[],"class_list":{"0":"post-15631","1":"product","2":"type-product","3":"status-publish","4":"has-post-thumbnail","6":"product_cat-pompe","7":"pa_marque-dab","9":"first","10":"instock","11":"sale","12":"taxable","13":"shipping-taxable","14":"purchasable","15":"product-type-simple"},"aioseo_notices":[],"_links":{"self":[{"href":"https:\/\/promochaudiere.be\/nl\/wp-json\/wp\/v2\/product\/15631","targetHints":{"allow":["GET"]}}],"collection":[{"href":"https:\/\/promochaudiere.be\/nl\/wp-json\/wp\/v2\/product"}],"about":[{"href":"https:\/\/promochaudiere.be\/nl\/wp-json\/wp\/v2\/types\/product"}],"replies":[{"embeddable":true,"href":"https:\/\/promochaudiere.be\/nl\/wp-json\/wp\/v2\/comments?post=15631"}],"version-history":[{"count":1,"href":"https:\/\/promochaudiere.be\/nl\/wp-json\/wp\/v2\/product\/15631\/revisions"}],"predecessor-version":[{"id":44648,"href":"https:\/\/promochaudiere.be\/nl\/wp-json\/wp\/v2\/product\/15631\/revisions\/44648"}],"wp:featuredmedia":[{"embeddable":true,"href":"https:\/\/promochaudiere.be\/nl\/wp-json\/wp\/v2\/media\/21184"}],"wp:attachment":[{"href":"https:\/\/promochaudiere.be\/nl\/wp-json\/wp\/v2\/media?parent=15631"}],"wp:term":[{"taxonomy":"product_brand","embeddable":true,"href":"https:\/\/promochaudiere.be\/nl\/wp-json\/wp\/v2\/product_brand?post=15631"},{"taxonomy":"product_cat","embeddable":true,"href":"https:\/\/promochaudiere.be\/nl\/wp-json\/wp\/v2\/product_cat?post=15631"},{"taxonomy":"product_tag","embeddable":true,"href":"https:\/\/promochaudiere.be\/nl\/wp-json\/wp\/v2\/product_tag?post=15631"}],"curies":[{"name":"wp","href":"https:\/\/api.w.org\/{rel}","templated":true}]}}