{"id":15638,"date":"2025-01-17T10:00:47","date_gmt":"2025-01-17T10:00:47","guid":{"rendered":"https:\/\/promochaudiere.be\/produit\/cintropur-sterilisateur-trio-uv-25w-fwuvtrio\/"},"modified":"2026-02-03T18:16:58","modified_gmt":"2026-02-03T17:16:58","slug":"cintropur-sterilisateur-trio-uv-25w-fwuvtrio","status":"publish","type":"product","link":"https:\/\/promochaudiere.be\/nl\/product\/cintropur-sterilisateur-trio-uv-25w-fwuvtrio\/","title":{"rendered":"Cintropur st\u00e9rilisateur trio UV  25W FWUVTRIO"},"content":{"rendered":"<p>Le st\u00e9rilisateur Cintropur Trio UV 25W est une solution compl\u00e8te pour la purification de l\u2019eau. Il associe filtration m\u00e9canique et st\u00e9rilisation par UV pour \u00e9liminer efficacement les impuret\u00e9s et les micro-organismes. Facile \u00e0 installer, il assure une eau de qualit\u00e9 sup\u00e9rieure. Id\u00e9al pour les applications domestiques et industrielles n\u00e9cessitant une eau potable sans contaminants.<\/p>","protected":false},"excerpt":{"rendered":"<p>Cintropur st\u00e9rilisateur trio UV  25W FWUVTRIO<\/p>","protected":false},"featured_media":21174,"comment_status":"open","ping_status":"closed","template":"","meta":[],"product_brand":[],"product_cat":[336],"product_tag":[],"class_list":{"0":"post-15638","1":"product","2":"type-product","3":"status-publish","4":"has-post-thumbnail","6":"product_cat-filtre-traitement-deau","7":"pa_marque-cintropur","9":"first","10":"instock","11":"sale","12":"taxable","13":"shipping-taxable","14":"purchasable","15":"product-type-simple"},"aioseo_notices":[],"_links":{"self":[{"href":"https:\/\/promochaudiere.be\/nl\/wp-json\/wp\/v2\/product\/15638","targetHints":{"allow":["GET"]}}],"collection":[{"href":"https:\/\/promochaudiere.be\/nl\/wp-json\/wp\/v2\/product"}],"about":[{"href":"https:\/\/promochaudiere.be\/nl\/wp-json\/wp\/v2\/types\/product"}],"replies":[{"embeddable":true,"href":"https:\/\/promochaudiere.be\/nl\/wp-json\/wp\/v2\/comments?post=15638"}],"version-history":[{"count":1,"href":"https:\/\/promochaudiere.be\/nl\/wp-json\/wp\/v2\/product\/15638\/revisions"}],"predecessor-version":[{"id":44640,"href":"https:\/\/promochaudiere.be\/nl\/wp-json\/wp\/v2\/product\/15638\/revisions\/44640"}],"wp:featuredmedia":[{"embeddable":true,"href":"https:\/\/promochaudiere.be\/nl\/wp-json\/wp\/v2\/media\/21174"}],"wp:attachment":[{"href":"https:\/\/promochaudiere.be\/nl\/wp-json\/wp\/v2\/media?parent=15638"}],"wp:term":[{"taxonomy":"product_brand","embeddable":true,"href":"https:\/\/promochaudiere.be\/nl\/wp-json\/wp\/v2\/product_brand?post=15638"},{"taxonomy":"product_cat","embeddable":true,"href":"https:\/\/promochaudiere.be\/nl\/wp-json\/wp\/v2\/product_cat?post=15638"},{"taxonomy":"product_tag","embeddable":true,"href":"https:\/\/promochaudiere.be\/nl\/wp-json\/wp\/v2\/product_tag?post=15638"}],"curies":[{"name":"wp","href":"https:\/\/api.w.org\/{rel}","templated":true}]}}