{"id":15642,"date":"2025-01-17T10:00:48","date_gmt":"2025-01-17T10:00:48","guid":{"rendered":"https:\/\/promochaudiere.be\/produit\/dab-sonde-de-pression-sts-pour-boitier-de-commutation-dwc-10m-050001726\/"},"modified":"2026-02-03T18:16:58","modified_gmt":"2026-02-03T17:16:58","slug":"dab-sonde-de-pression-sts-pour-boitier-de-commutation-dwc-10m-050001726","status":"publish","type":"product","link":"https:\/\/promochaudiere.be\/product\/dab-sonde-de-pression-sts-pour-boitier-de-commutation-dwc-10m-050001726\/","title":{"rendered":"DAB SONDE DE PRESSION STS POUR BO\u00ceTIER DE COMMUTATION DWC 10M 050001726"},"content":{"rendered":"<p>Cette sonde de pression DAB STS permet de surveiller la pression des circuits d\u2019eau dans les syst\u00e8mes de chauffage et de pompage. Elle garantit un contr\u00f4le pr\u00e9cis et optimise l\u2019efficacit\u00e9 \u00e9nerg\u00e9tique des installations. Facile \u00e0 installer, elle est compatible avec les bo\u00eetiers de commande d\u00e9di\u00e9s. Un \u00e9l\u00e9ment essentiel pour assurer la s\u00e9curit\u00e9 des \u00e9quipements.<\/p>","protected":false},"excerpt":{"rendered":"<p>DAB SONDE DE PRESSION STS POUR BO\u00ceTIER DE COMMUTATION DWC 10M 050001726<\/p>","protected":false},"featured_media":21965,"comment_status":"open","ping_status":"closed","template":"","meta":[],"product_brand":[],"product_cat":[298,8840],"product_tag":[],"class_list":{"0":"post-15642","1":"product","2":"type-product","3":"status-publish","4":"has-post-thumbnail","6":"product_cat-pompe","7":"product_cat-test","8":"pa_marque-dab","10":"first","11":"instock","12":"sale","13":"taxable","14":"shipping-taxable","15":"purchasable","16":"product-type-simple"},"aioseo_notices":[],"_links":{"self":[{"href":"https:\/\/promochaudiere.be\/nl\/wp-json\/wp\/v2\/product\/15642","targetHints":{"allow":["GET"]}}],"collection":[{"href":"https:\/\/promochaudiere.be\/nl\/wp-json\/wp\/v2\/product"}],"about":[{"href":"https:\/\/promochaudiere.be\/nl\/wp-json\/wp\/v2\/types\/product"}],"replies":[{"embeddable":true,"href":"https:\/\/promochaudiere.be\/nl\/wp-json\/wp\/v2\/comments?post=15642"}],"version-history":[{"count":1,"href":"https:\/\/promochaudiere.be\/nl\/wp-json\/wp\/v2\/product\/15642\/revisions"}],"predecessor-version":[{"id":44639,"href":"https:\/\/promochaudiere.be\/nl\/wp-json\/wp\/v2\/product\/15642\/revisions\/44639"}],"wp:featuredmedia":[{"embeddable":true,"href":"https:\/\/promochaudiere.be\/nl\/wp-json\/wp\/v2\/media\/21965"}],"wp:attachment":[{"href":"https:\/\/promochaudiere.be\/nl\/wp-json\/wp\/v2\/media?parent=15642"}],"wp:term":[{"taxonomy":"product_brand","embeddable":true,"href":"https:\/\/promochaudiere.be\/nl\/wp-json\/wp\/v2\/product_brand?post=15642"},{"taxonomy":"product_cat","embeddable":true,"href":"https:\/\/promochaudiere.be\/nl\/wp-json\/wp\/v2\/product_cat?post=15642"},{"taxonomy":"product_tag","embeddable":true,"href":"https:\/\/promochaudiere.be\/nl\/wp-json\/wp\/v2\/product_tag?post=15642"}],"curies":[{"name":"wp","href":"https:\/\/api.w.org\/{rel}","templated":true}]}}