{"id":15647,"date":"2025-01-17T10:00:51","date_gmt":"2025-01-17T10:00:51","guid":{"rendered":"https:\/\/promochaudiere.be\/produit\/grundfos-multibox-b-cc7-97519841\/"},"modified":"2026-04-14T10:49:07","modified_gmt":"2026-04-14T08:49:07","slug":"grundfos-multibox-b-cc7-97519841","status":"publish","type":"product","link":"https:\/\/promochaudiere.be\/nl\/product\/grundfos-multibox-b-cc7-97519841\/","title":{"rendered":"Grundfos multibox &#8211; b -cc7 97519841"},"content":{"rendered":"<p>La Grundfos Multibox B-CC7 est une solution compacte et performante pour la gestion des syst\u00e8mes de pompage et de chauffage. Con\u00e7ue pour faciliter l\u2019installation et l\u2019entretien, elle int\u00e8gre plusieurs fonctions essentielles pour optimiser le rendement \u00e9nerg\u00e9tique. Son bo\u00eetier robuste assure une protection optimale contre les variations de pression et les conditions environnementales. Id\u00e9ale pour les installations domestiques et industrielles n\u00e9cessitant un contr\u00f4le pr\u00e9cis. Une solution fiable pour un fonctionnement efficace et s\u00e9curis\u00e9.<\/p>","protected":false},"excerpt":{"rendered":"<p>Grundfos multibox &#8211; b -cc7 97519841<\/p>","protected":false},"featured_media":21173,"comment_status":"closed","ping_status":"closed","template":"","meta":[],"product_brand":[],"product_cat":[298],"product_tag":[],"class_list":{"0":"post-15647","1":"product","2":"type-product","3":"status-publish","4":"has-post-thumbnail","6":"product_cat-pompe","7":"pa_marque-grundfos","9":"first","10":"instock","11":"sale","12":"taxable","13":"shipping-taxable","14":"purchasable","15":"product-type-simple"},"aioseo_notices":[],"_links":{"self":[{"href":"https:\/\/promochaudiere.be\/nl\/wp-json\/wp\/v2\/product\/15647","targetHints":{"allow":["GET"]}}],"collection":[{"href":"https:\/\/promochaudiere.be\/nl\/wp-json\/wp\/v2\/product"}],"about":[{"href":"https:\/\/promochaudiere.be\/nl\/wp-json\/wp\/v2\/types\/product"}],"replies":[{"embeddable":true,"href":"https:\/\/promochaudiere.be\/nl\/wp-json\/wp\/v2\/comments?post=15647"}],"version-history":[{"count":1,"href":"https:\/\/promochaudiere.be\/nl\/wp-json\/wp\/v2\/product\/15647\/revisions"}],"predecessor-version":[{"id":44635,"href":"https:\/\/promochaudiere.be\/nl\/wp-json\/wp\/v2\/product\/15647\/revisions\/44635"}],"wp:featuredmedia":[{"embeddable":true,"href":"https:\/\/promochaudiere.be\/nl\/wp-json\/wp\/v2\/media\/21173"}],"wp:attachment":[{"href":"https:\/\/promochaudiere.be\/nl\/wp-json\/wp\/v2\/media?parent=15647"}],"wp:term":[{"taxonomy":"product_brand","embeddable":true,"href":"https:\/\/promochaudiere.be\/nl\/wp-json\/wp\/v2\/product_brand?post=15647"},{"taxonomy":"product_cat","embeddable":true,"href":"https:\/\/promochaudiere.be\/nl\/wp-json\/wp\/v2\/product_cat?post=15647"},{"taxonomy":"product_tag","embeddable":true,"href":"https:\/\/promochaudiere.be\/nl\/wp-json\/wp\/v2\/product_tag?post=15647"}],"curies":[{"name":"wp","href":"https:\/\/api.w.org\/{rel}","templated":true}]}}