{"id":15655,"date":"2025-01-17T10:00:55","date_gmt":"2025-01-17T10:00:55","guid":{"rendered":"https:\/\/promochaudiere.be\/produit\/dab-divertron-x-900-pompe-nue-60208443h\/"},"modified":"2026-02-03T19:40:10","modified_gmt":"2026-02-03T18:40:10","slug":"dab-divertron-x-900-pompe-nue-60208443h","status":"publish","type":"product","link":"https:\/\/promochaudiere.be\/nl\/product\/dab-divertron-x-900-pompe-nue-60208443h\/","title":{"rendered":"DAB DIVERTRON X 900 POMPE NUE 60208443H"},"content":{"rendered":"<p>Cette pompe immerg\u00e9e Divertron X 900 offre un d\u00e9bit \u00e9lev\u00e9 et une pression constante. Son fonctionnement automatique assure une alimentation en eau sans interruption. Elle est con\u00e7ue pour les applications domestiques et agricoles. Sa structure en mat\u00e9riaux r\u00e9sistants lui conf\u00e8re une grande durabilit\u00e9. Facile \u00e0 poser, elle ne n\u00e9cessite aucune programmation suppl\u00e9mentaire. Une pompe performante pour une gestion efficace de l\u2019eau.<\/p>","protected":false},"excerpt":{"rendered":"<p>DAB DIVERTRON X 900 POMPE NUE 60208443H<\/p>","protected":false},"featured_media":21186,"comment_status":"open","ping_status":"closed","template":"","meta":[],"product_brand":[],"product_cat":[298],"product_tag":[],"class_list":{"0":"post-15655","1":"product","2":"type-product","3":"status-publish","4":"has-post-thumbnail","6":"product_cat-pompe","7":"pa_marque-dab","9":"first","10":"instock","11":"sale","12":"taxable","13":"shipping-taxable","14":"purchasable","15":"product-type-simple"},"aioseo_notices":[],"_links":{"self":[{"href":"https:\/\/promochaudiere.be\/nl\/wp-json\/wp\/v2\/product\/15655","targetHints":{"allow":["GET"]}}],"collection":[{"href":"https:\/\/promochaudiere.be\/nl\/wp-json\/wp\/v2\/product"}],"about":[{"href":"https:\/\/promochaudiere.be\/nl\/wp-json\/wp\/v2\/types\/product"}],"replies":[{"embeddable":true,"href":"https:\/\/promochaudiere.be\/nl\/wp-json\/wp\/v2\/comments?post=15655"}],"version-history":[{"count":1,"href":"https:\/\/promochaudiere.be\/nl\/wp-json\/wp\/v2\/product\/15655\/revisions"}],"predecessor-version":[{"id":44625,"href":"https:\/\/promochaudiere.be\/nl\/wp-json\/wp\/v2\/product\/15655\/revisions\/44625"}],"wp:featuredmedia":[{"embeddable":true,"href":"https:\/\/promochaudiere.be\/nl\/wp-json\/wp\/v2\/media\/21186"}],"wp:attachment":[{"href":"https:\/\/promochaudiere.be\/nl\/wp-json\/wp\/v2\/media?parent=15655"}],"wp:term":[{"taxonomy":"product_brand","embeddable":true,"href":"https:\/\/promochaudiere.be\/nl\/wp-json\/wp\/v2\/product_brand?post=15655"},{"taxonomy":"product_cat","embeddable":true,"href":"https:\/\/promochaudiere.be\/nl\/wp-json\/wp\/v2\/product_cat?post=15655"},{"taxonomy":"product_tag","embeddable":true,"href":"https:\/\/promochaudiere.be\/nl\/wp-json\/wp\/v2\/product_tag?post=15655"}],"curies":[{"name":"wp","href":"https:\/\/api.w.org\/{rel}","templated":true}]}}