{"id":15659,"date":"2025-01-17T10:00:56","date_gmt":"2025-01-17T10:00:56","guid":{"rendered":"https:\/\/promochaudiere.be\/produit\/vaillant-groupe-de-pompage-melange-eup-ready-circulateur-diametre-3-4-de-type-mixte-0020191813\/"},"modified":"2026-02-03T19:40:11","modified_gmt":"2026-02-03T18:40:11","slug":"vaillant-groupe-de-pompage-melange-eup-ready-circulateur-diametre-3-4-de-type-mixte-0020191813","status":"publish","type":"product","link":"https:\/\/promochaudiere.be\/product\/vaillant-groupe-de-pompage-melange-eup-ready-circulateur-diametre-3-4-de-type-mixte-0020191813\/","title":{"rendered":"Vaillant groupe de pompage m\u00e9lange + Eup Ready circulateur diam\u00e8tre 3\/4 de type mixte 0020191813"},"content":{"rendered":"<p>Ce groupe de pompage Vaillant assure une distribution homog\u00e8ne de la chaleur en int\u00e9grant un syst\u00e8me de m\u00e9lange efficace. Il permet un r\u00e9glage pr\u00e9cis du d\u00e9bit d\u2019eau dans le circuit de chauffage. Facile \u00e0 installer, il garantit une meilleure r\u00e9partition de la chaleur. Un accessoire essentiel pour optimiser le confort thermique et la consommation \u00e9nerg\u00e9tique.<\/p>","protected":false},"excerpt":{"rendered":"<p>Vaillant groupe de pompage m\u00e9lange + Eup Ready circulateur diam\u00e8tre 3\/4 de type mixte 0020191813<\/p>","protected":false},"featured_media":21728,"comment_status":"open","ping_status":"closed","template":"","meta":[],"product_brand":[],"product_cat":[9469,8840],"product_tag":[],"class_list":{"0":"post-15659","1":"product","2":"type-product","3":"status-publish","4":"has-post-thumbnail","6":"product_cat-accessoires-chaudieres-vaillant","7":"product_cat-test","8":"pa_marque-vaillant","10":"first","11":"instock","12":"sale","13":"taxable","14":"shipping-taxable","15":"purchasable","16":"product-type-simple"},"aioseo_notices":[],"_links":{"self":[{"href":"https:\/\/promochaudiere.be\/nl\/wp-json\/wp\/v2\/product\/15659","targetHints":{"allow":["GET"]}}],"collection":[{"href":"https:\/\/promochaudiere.be\/nl\/wp-json\/wp\/v2\/product"}],"about":[{"href":"https:\/\/promochaudiere.be\/nl\/wp-json\/wp\/v2\/types\/product"}],"replies":[{"embeddable":true,"href":"https:\/\/promochaudiere.be\/nl\/wp-json\/wp\/v2\/comments?post=15659"}],"version-history":[{"count":1,"href":"https:\/\/promochaudiere.be\/nl\/wp-json\/wp\/v2\/product\/15659\/revisions"}],"predecessor-version":[{"id":52798,"href":"https:\/\/promochaudiere.be\/nl\/wp-json\/wp\/v2\/product\/15659\/revisions\/52798"}],"wp:featuredmedia":[{"embeddable":true,"href":"https:\/\/promochaudiere.be\/nl\/wp-json\/wp\/v2\/media\/21728"}],"wp:attachment":[{"href":"https:\/\/promochaudiere.be\/nl\/wp-json\/wp\/v2\/media?parent=15659"}],"wp:term":[{"taxonomy":"product_brand","embeddable":true,"href":"https:\/\/promochaudiere.be\/nl\/wp-json\/wp\/v2\/product_brand?post=15659"},{"taxonomy":"product_cat","embeddable":true,"href":"https:\/\/promochaudiere.be\/nl\/wp-json\/wp\/v2\/product_cat?post=15659"},{"taxonomy":"product_tag","embeddable":true,"href":"https:\/\/promochaudiere.be\/nl\/wp-json\/wp\/v2\/product_tag?post=15659"}],"curies":[{"name":"wp","href":"https:\/\/api.w.org\/{rel}","templated":true}]}}