{"id":15662,"date":"2025-01-17T10:00:57","date_gmt":"2025-01-17T10:00:57","guid":{"rendered":"https:\/\/promochaudiere.be\/produit\/wilo-pompe-vide-cave-tsw-32-8a-rvs-10m-6045167\/"},"modified":"2026-02-03T18:16:43","modified_gmt":"2026-02-03T17:16:43","slug":"wilo-pompe-vide-cave-tsw-32-8a-rvs-10m-6045167","status":"publish","type":"product","link":"https:\/\/promochaudiere.be\/nl\/product\/wilo-pompe-vide-cave-tsw-32-8a-rvs-10m-6045167\/","title":{"rendered":"Wilo pompe vide-cave tsw 32\/8a rvs 10m 6045167"},"content":{"rendered":"<p>Cette pompe vide-cave Wilo TSW 32\/8A est con\u00e7ue pour \u00e9vacuer rapidement l\u2019eau en cas d\u2019inondation ou d\u2019assainissement. Son c\u00e2ble de 10m facilite son installation et son utilisation. Son moteur puissant garantit une performance optimale. Un \u00e9quipement indispensable pour une gestion efficace des eaux us\u00e9es.<\/p>","protected":false},"excerpt":{"rendered":"<p>Wilo pompe vide-cave tsw 32\/8a rvs 10m 6045167<\/p>","protected":false},"featured_media":21198,"comment_status":"open","ping_status":"closed","template":"","meta":[],"product_brand":[],"product_cat":[706],"product_tag":[],"class_list":{"0":"post-15662","1":"product","2":"type-product","3":"status-publish","4":"has-post-thumbnail","6":"product_cat-pompe-hydrophore","7":"pa_marque-wilo","9":"first","10":"instock","11":"sale","12":"taxable","13":"shipping-taxable","14":"purchasable","15":"product-type-simple"},"aioseo_notices":[],"_links":{"self":[{"href":"https:\/\/promochaudiere.be\/nl\/wp-json\/wp\/v2\/product\/15662","targetHints":{"allow":["GET"]}}],"collection":[{"href":"https:\/\/promochaudiere.be\/nl\/wp-json\/wp\/v2\/product"}],"about":[{"href":"https:\/\/promochaudiere.be\/nl\/wp-json\/wp\/v2\/types\/product"}],"replies":[{"embeddable":true,"href":"https:\/\/promochaudiere.be\/nl\/wp-json\/wp\/v2\/comments?post=15662"}],"version-history":[{"count":1,"href":"https:\/\/promochaudiere.be\/nl\/wp-json\/wp\/v2\/product\/15662\/revisions"}],"predecessor-version":[{"id":52797,"href":"https:\/\/promochaudiere.be\/nl\/wp-json\/wp\/v2\/product\/15662\/revisions\/52797"}],"wp:featuredmedia":[{"embeddable":true,"href":"https:\/\/promochaudiere.be\/nl\/wp-json\/wp\/v2\/media\/21198"}],"wp:attachment":[{"href":"https:\/\/promochaudiere.be\/nl\/wp-json\/wp\/v2\/media?parent=15662"}],"wp:term":[{"taxonomy":"product_brand","embeddable":true,"href":"https:\/\/promochaudiere.be\/nl\/wp-json\/wp\/v2\/product_brand?post=15662"},{"taxonomy":"product_cat","embeddable":true,"href":"https:\/\/promochaudiere.be\/nl\/wp-json\/wp\/v2\/product_cat?post=15662"},{"taxonomy":"product_tag","embeddable":true,"href":"https:\/\/promochaudiere.be\/nl\/wp-json\/wp\/v2\/product_tag?post=15662"}],"curies":[{"name":"wp","href":"https:\/\/api.w.org\/{rel}","templated":true}]}}