{"id":15664,"date":"2025-01-17T10:00:58","date_gmt":"2025-01-17T10:00:58","guid":{"rendered":"https:\/\/promochaudiere.be\/produit\/dab-pompe-immergee-divertron-650x-1m-tuyau-60209611h\/"},"modified":"2026-02-03T19:40:10","modified_gmt":"2026-02-03T18:40:10","slug":"dab-pompe-immergee-divertron-650x-1m-tuyau-60209611h","status":"publish","type":"product","link":"https:\/\/promochaudiere.be\/nl\/product\/dab-pompe-immergee-divertron-650x-1m-tuyau-60209611h\/","title":{"rendered":"DAB Pompe immerg\u00e9e divertron 650X +1M tuyau 60209611H"},"content":{"rendered":"<p>Cette pompe immerg\u00e9e Divertron 650X de DAB est sp\u00e9cialement con\u00e7ue pour le pompage automatique d\u2019eau claire. Int\u00e9grant un syst\u00e8me de d\u00e9marrage et d\u2019arr\u00eat automatique, elle assure une alimentation continue et s\u00e9curis\u00e9e. Son moteur performant permet un pompage efficace, m\u00eame \u00e0 grande profondeur. Fournie avec un tuyau d\u20191 m\u00e8tre, elle est pr\u00eate \u00e0 l\u2019emploi et simple \u00e0 installer. Gr\u00e2ce \u00e0 sa structure robuste, elle r\u00e9siste aux conditions difficiles et garantit une longue dur\u00e9e de vie. Un \u00e9quipement id\u00e9al pour puits et r\u00e9servoirs d\u2019eau.<\/p>","protected":false},"excerpt":{"rendered":"<p>DAB Pompe immerg\u00e9e divertron 650X +1M tuyau 60209611H<\/p>","protected":false},"featured_media":21185,"comment_status":"open","ping_status":"closed","template":"","meta":[],"product_brand":[],"product_cat":[298],"product_tag":[],"class_list":{"0":"post-15664","1":"product","2":"type-product","3":"status-publish","4":"has-post-thumbnail","6":"product_cat-pompe","7":"pa_marque-dab","9":"first","10":"instock","11":"sale","12":"taxable","13":"shipping-taxable","14":"purchasable","15":"product-type-simple"},"aioseo_notices":[],"_links":{"self":[{"href":"https:\/\/promochaudiere.be\/nl\/wp-json\/wp\/v2\/product\/15664","targetHints":{"allow":["GET"]}}],"collection":[{"href":"https:\/\/promochaudiere.be\/nl\/wp-json\/wp\/v2\/product"}],"about":[{"href":"https:\/\/promochaudiere.be\/nl\/wp-json\/wp\/v2\/types\/product"}],"replies":[{"embeddable":true,"href":"https:\/\/promochaudiere.be\/nl\/wp-json\/wp\/v2\/comments?post=15664"}],"version-history":[{"count":1,"href":"https:\/\/promochaudiere.be\/nl\/wp-json\/wp\/v2\/product\/15664\/revisions"}],"predecessor-version":[{"id":44619,"href":"https:\/\/promochaudiere.be\/nl\/wp-json\/wp\/v2\/product\/15664\/revisions\/44619"}],"wp:featuredmedia":[{"embeddable":true,"href":"https:\/\/promochaudiere.be\/nl\/wp-json\/wp\/v2\/media\/21185"}],"wp:attachment":[{"href":"https:\/\/promochaudiere.be\/nl\/wp-json\/wp\/v2\/media?parent=15664"}],"wp:term":[{"taxonomy":"product_brand","embeddable":true,"href":"https:\/\/promochaudiere.be\/nl\/wp-json\/wp\/v2\/product_brand?post=15664"},{"taxonomy":"product_cat","embeddable":true,"href":"https:\/\/promochaudiere.be\/nl\/wp-json\/wp\/v2\/product_cat?post=15664"},{"taxonomy":"product_tag","embeddable":true,"href":"https:\/\/promochaudiere.be\/nl\/wp-json\/wp\/v2\/product_tag?post=15664"}],"curies":[{"name":"wp","href":"https:\/\/api.w.org\/{rel}","templated":true}]}}