{"id":15672,"date":"2025-01-17T10:01:01","date_gmt":"2025-01-17T10:01:01","guid":{"rendered":"https:\/\/promochaudiere.be\/produit\/remeha-resistance-electrique-246kw-400v-3-phase-avec-bride-de-nettoyage-0020230734\/"},"modified":"2026-02-03T18:17:02","modified_gmt":"2026-02-03T17:17:02","slug":"remeha-resistance-electrique-246kw-400v-3-phase-avec-bride-de-nettoyage-0020230734","status":"publish","type":"product","link":"https:\/\/promochaudiere.be\/nl\/product\/remeha-resistance-electrique-246kw-400v-3-phase-avec-bride-de-nettoyage-0020230734\/","title":{"rendered":"REMEHA RESISTANCE ELECTRIQUE 2,4,6KW 400V 3-PHASE AVEC BRIDE DE NETTOYAGE 0020230734"},"content":{"rendered":"<p>Cette r\u00e9sistance \u00e9lectrique Vaillant est destin\u00e9e aux chaudi\u00e8res hybrides. Elle permet un apport de chaleur suppl\u00e9mentaire et assure une mont\u00e9e en temp\u00e9rature rapide et efficace.<\/p>","protected":false},"excerpt":{"rendered":"<p>REMEHA RESISTANCE ELECTRIQUE 2,4,6KW 400V 3-PHASE AVEC BRIDE DE NETTOYAGE 0020230734<\/p>","protected":false},"featured_media":21960,"comment_status":"open","ping_status":"closed","template":"","meta":[],"product_brand":[],"product_cat":[8917,8840],"product_tag":[],"class_list":{"0":"post-15672","1":"product","2":"type-product","3":"status-publish","4":"has-post-thumbnail","6":"product_cat-pieces-detachees-vaillant","7":"product_cat-test","8":"pa_marque-remeha","10":"first","11":"instock","12":"sale","13":"taxable","14":"shipping-taxable","15":"purchasable","16":"product-type-simple"},"aioseo_notices":[],"_links":{"self":[{"href":"https:\/\/promochaudiere.be\/nl\/wp-json\/wp\/v2\/product\/15672","targetHints":{"allow":["GET"]}}],"collection":[{"href":"https:\/\/promochaudiere.be\/nl\/wp-json\/wp\/v2\/product"}],"about":[{"href":"https:\/\/promochaudiere.be\/nl\/wp-json\/wp\/v2\/types\/product"}],"replies":[{"embeddable":true,"href":"https:\/\/promochaudiere.be\/nl\/wp-json\/wp\/v2\/comments?post=15672"}],"version-history":[{"count":1,"href":"https:\/\/promochaudiere.be\/nl\/wp-json\/wp\/v2\/product\/15672\/revisions"}],"predecessor-version":[{"id":44612,"href":"https:\/\/promochaudiere.be\/nl\/wp-json\/wp\/v2\/product\/15672\/revisions\/44612"}],"wp:featuredmedia":[{"embeddable":true,"href":"https:\/\/promochaudiere.be\/nl\/wp-json\/wp\/v2\/media\/21960"}],"wp:attachment":[{"href":"https:\/\/promochaudiere.be\/nl\/wp-json\/wp\/v2\/media?parent=15672"}],"wp:term":[{"taxonomy":"product_brand","embeddable":true,"href":"https:\/\/promochaudiere.be\/nl\/wp-json\/wp\/v2\/product_brand?post=15672"},{"taxonomy":"product_cat","embeddable":true,"href":"https:\/\/promochaudiere.be\/nl\/wp-json\/wp\/v2\/product_cat?post=15672"},{"taxonomy":"product_tag","embeddable":true,"href":"https:\/\/promochaudiere.be\/nl\/wp-json\/wp\/v2\/product_tag?post=15672"}],"curies":[{"name":"wp","href":"https:\/\/api.w.org\/{rel}","templated":true}]}}