{"id":15673,"date":"2025-01-17T10:01:02","date_gmt":"2025-01-17T10:01:02","guid":{"rendered":"https:\/\/promochaudiere.be\/produit\/vaillant-echangeur-103412\/"},"modified":"2026-02-03T18:17:02","modified_gmt":"2026-02-03T17:17:02","slug":"vaillant-echangeur-103412","status":"publish","type":"product","link":"https:\/\/promochaudiere.be\/nl\/product\/vaillant-echangeur-103412\/","title":{"rendered":"Vaillant Echangeur 103412"},"content":{"rendered":"<p>Cet \u00e9changeur Vaillant est con\u00e7u pour optimiser le transfert de chaleur dans les syst\u00e8mes de chauffage. Fabriqu\u00e9 en mat\u00e9riau haute r\u00e9sistance, il garantit une excellente durabilit\u00e9 et une performance thermique optimale. Compatible avec divers mod\u00e8les de chaudi\u00e8res Vaillant. Facile \u00e0 installer, il am\u00e9liore l\u2019efficacit\u00e9 \u00e9nerg\u00e9tique et r\u00e9duit la consommation de combustible. Un composant cl\u00e9 pour une installation performante.<\/p>","protected":false},"excerpt":{"rendered":"<p>Vaillant Echangeur 103412<\/p>","protected":false},"featured_media":21074,"comment_status":"open","ping_status":"closed","template":"","meta":[],"product_brand":[],"product_cat":[8917,8840],"product_tag":[],"class_list":{"0":"post-15673","1":"product","2":"type-product","3":"status-publish","4":"has-post-thumbnail","6":"product_cat-pieces-detachees-vaillant","7":"product_cat-test","8":"pa_marque-vaillant","10":"first","11":"instock","12":"sale","13":"taxable","14":"shipping-taxable","15":"purchasable","16":"product-type-simple"},"aioseo_notices":[],"_links":{"self":[{"href":"https:\/\/promochaudiere.be\/nl\/wp-json\/wp\/v2\/product\/15673","targetHints":{"allow":["GET"]}}],"collection":[{"href":"https:\/\/promochaudiere.be\/nl\/wp-json\/wp\/v2\/product"}],"about":[{"href":"https:\/\/promochaudiere.be\/nl\/wp-json\/wp\/v2\/types\/product"}],"replies":[{"embeddable":true,"href":"https:\/\/promochaudiere.be\/nl\/wp-json\/wp\/v2\/comments?post=15673"}],"version-history":[{"count":1,"href":"https:\/\/promochaudiere.be\/nl\/wp-json\/wp\/v2\/product\/15673\/revisions"}],"predecessor-version":[{"id":52796,"href":"https:\/\/promochaudiere.be\/nl\/wp-json\/wp\/v2\/product\/15673\/revisions\/52796"}],"wp:featuredmedia":[{"embeddable":true,"href":"https:\/\/promochaudiere.be\/nl\/wp-json\/wp\/v2\/media\/21074"}],"wp:attachment":[{"href":"https:\/\/promochaudiere.be\/nl\/wp-json\/wp\/v2\/media?parent=15673"}],"wp:term":[{"taxonomy":"product_brand","embeddable":true,"href":"https:\/\/promochaudiere.be\/nl\/wp-json\/wp\/v2\/product_brand?post=15673"},{"taxonomy":"product_cat","embeddable":true,"href":"https:\/\/promochaudiere.be\/nl\/wp-json\/wp\/v2\/product_cat?post=15673"},{"taxonomy":"product_tag","embeddable":true,"href":"https:\/\/promochaudiere.be\/nl\/wp-json\/wp\/v2\/product_tag?post=15673"}],"curies":[{"name":"wp","href":"https:\/\/api.w.org\/{rel}","templated":true}]}}