{"id":15676,"date":"2025-01-17T10:01:03","date_gmt":"2025-01-17T10:01:03","guid":{"rendered":"https:\/\/promochaudiere.be\/produit\/d-radiateur-salle-de-bain-tubo-duo-xxl-1761x746mm-1906w-mm-160488s\/"},"modified":"2026-02-03T18:17:02","modified_gmt":"2026-02-03T17:17:02","slug":"d-radiateur-salle-de-bain-tubo-duo-xxl-1761x746mm-1906w-mm-160488s","status":"publish","type":"product","link":"https:\/\/promochaudiere.be\/product\/d-radiateur-salle-de-bain-tubo-duo-xxl-1761x746mm-1906w-mm-160488s\/","title":{"rendered":"D-RADIATEUR SALLE DE BAIN TUBO DUO XXL 1761X746MM 1906W MM 160488S"},"content":{"rendered":"<p>Ce radiateur XXL offre une puissance de 1906W, id\u00e9ale pour les grandes salles de bain. Son design vertical optimise l\u2019espace tout en assurant une diffusion homog\u00e8ne de la chaleur. Il garantit une mont\u00e9e en temp\u00e9rature rapide pour un confort optimal. Sa finition soign\u00e9e lui conf\u00e8re un style \u00e9l\u00e9gant et intemporel. Facile \u00e0 installer, il s\u2019int\u00e8gre parfaitement aux am\u00e9nagements modernes. Une solution efficace pour allier esth\u00e9tique et performance.<\/p>","protected":false},"excerpt":{"rendered":"<p>D-RADIATEUR SALLE DE BAIN TUBO DUO XXL 1761X746MM 1906W MM 160488S<\/p>","protected":false},"featured_media":21147,"comment_status":"open","ping_status":"closed","template":"","meta":[],"product_brand":[],"product_cat":[572],"product_tag":[],"class_list":{"0":"post-15676","1":"product","2":"type-product","3":"status-publish","4":"has-post-thumbnail","6":"product_cat-seche-serviette","8":"first","9":"instock","10":"sale","11":"taxable","12":"shipping-taxable","13":"purchasable","14":"product-type-simple"},"aioseo_notices":[],"_links":{"self":[{"href":"https:\/\/promochaudiere.be\/nl\/wp-json\/wp\/v2\/product\/15676","targetHints":{"allow":["GET"]}}],"collection":[{"href":"https:\/\/promochaudiere.be\/nl\/wp-json\/wp\/v2\/product"}],"about":[{"href":"https:\/\/promochaudiere.be\/nl\/wp-json\/wp\/v2\/types\/product"}],"replies":[{"embeddable":true,"href":"https:\/\/promochaudiere.be\/nl\/wp-json\/wp\/v2\/comments?post=15676"}],"version-history":[{"count":1,"href":"https:\/\/promochaudiere.be\/nl\/wp-json\/wp\/v2\/product\/15676\/revisions"}],"predecessor-version":[{"id":52794,"href":"https:\/\/promochaudiere.be\/nl\/wp-json\/wp\/v2\/product\/15676\/revisions\/52794"}],"wp:featuredmedia":[{"embeddable":true,"href":"https:\/\/promochaudiere.be\/nl\/wp-json\/wp\/v2\/media\/21147"}],"wp:attachment":[{"href":"https:\/\/promochaudiere.be\/nl\/wp-json\/wp\/v2\/media?parent=15676"}],"wp:term":[{"taxonomy":"product_brand","embeddable":true,"href":"https:\/\/promochaudiere.be\/nl\/wp-json\/wp\/v2\/product_brand?post=15676"},{"taxonomy":"product_cat","embeddable":true,"href":"https:\/\/promochaudiere.be\/nl\/wp-json\/wp\/v2\/product_cat?post=15676"},{"taxonomy":"product_tag","embeddable":true,"href":"https:\/\/promochaudiere.be\/nl\/wp-json\/wp\/v2\/product_tag?post=15676"}],"curies":[{"name":"wp","href":"https:\/\/api.w.org\/{rel}","templated":true}]}}