{"id":15680,"date":"2025-01-17T10:01:04","date_gmt":"2025-01-17T10:01:04","guid":{"rendered":"https:\/\/promochaudiere.be\/produit\/bosch-groupe-de-pompage-non-melangee-1-circuit-avec-module-melangeur-mm100-50kw-7736601151\/"},"modified":"2026-02-03T19:40:11","modified_gmt":"2026-02-03T18:40:11","slug":"bosch-groupe-de-pompage-non-melangee-1-circuit-avec-module-melangeur-mm100-50kw-7736601151","status":"publish","type":"product","link":"https:\/\/promochaudiere.be\/nl\/product\/bosch-groupe-de-pompage-non-melangee-1-circuit-avec-module-melangeur-mm100-50kw-7736601151\/","title":{"rendered":"BOSCH GROUPE DE POMPAGE NON-MELANGEE 1 CIRCUIT AVEC MODULE MELANGEUR MM100 50KW 7736601151"},"content":{"rendered":"<p>Ce groupe de pompage Bosch est con\u00e7u pour assurer une circulation efficace de l\u2019eau chaude dans les installations de chauffage. Il garantit une distribution homog\u00e8ne de la chaleur et am\u00e9liore le rendement du syst\u00e8me. Facile \u00e0 installer, il permet un fonctionnement silencieux et \u00e9conome en \u00e9nergie. Une solution fiable pour optimiser les performances du chauffage.<\/p>","protected":false},"excerpt":{"rendered":"<p>BOSCH GROUPE DE POMPAGE NON-MELANGEE 1 CIRCUIT AVEC MODULE MELANGEUR MM100 50KW 7736601151<\/p>","protected":false},"featured_media":21039,"comment_status":"open","ping_status":"closed","template":"","meta":[],"product_brand":[],"product_cat":[9489],"product_tag":[],"class_list":{"0":"post-15680","1":"product","2":"type-product","3":"status-publish","4":"has-post-thumbnail","6":"product_cat-accessoire-de-raccordement-bosch","7":"pa_marque-bosch","9":"first","10":"instock","11":"sale","12":"taxable","13":"shipping-taxable","14":"purchasable","15":"product-type-simple"},"aioseo_notices":[],"_links":{"self":[{"href":"https:\/\/promochaudiere.be\/nl\/wp-json\/wp\/v2\/product\/15680","targetHints":{"allow":["GET"]}}],"collection":[{"href":"https:\/\/promochaudiere.be\/nl\/wp-json\/wp\/v2\/product"}],"about":[{"href":"https:\/\/promochaudiere.be\/nl\/wp-json\/wp\/v2\/types\/product"}],"replies":[{"embeddable":true,"href":"https:\/\/promochaudiere.be\/nl\/wp-json\/wp\/v2\/comments?post=15680"}],"version-history":[{"count":1,"href":"https:\/\/promochaudiere.be\/nl\/wp-json\/wp\/v2\/product\/15680\/revisions"}],"predecessor-version":[{"id":44610,"href":"https:\/\/promochaudiere.be\/nl\/wp-json\/wp\/v2\/product\/15680\/revisions\/44610"}],"wp:featuredmedia":[{"embeddable":true,"href":"https:\/\/promochaudiere.be\/nl\/wp-json\/wp\/v2\/media\/21039"}],"wp:attachment":[{"href":"https:\/\/promochaudiere.be\/nl\/wp-json\/wp\/v2\/media?parent=15680"}],"wp:term":[{"taxonomy":"product_brand","embeddable":true,"href":"https:\/\/promochaudiere.be\/nl\/wp-json\/wp\/v2\/product_brand?post=15680"},{"taxonomy":"product_cat","embeddable":true,"href":"https:\/\/promochaudiere.be\/nl\/wp-json\/wp\/v2\/product_cat?post=15680"},{"taxonomy":"product_tag","embeddable":true,"href":"https:\/\/promochaudiere.be\/nl\/wp-json\/wp\/v2\/product_tag?post=15680"}],"curies":[{"name":"wp","href":"https:\/\/api.w.org\/{rel}","templated":true}]}}