{"id":15682,"date":"2025-01-17T10:01:05","date_gmt":"2025-01-17T10:01:05","guid":{"rendered":"https:\/\/promochaudiere.be\/produit\/d-radiateur-times-cc-600-1750mm-889w-blanc-quartz-163924\/"},"modified":"2026-02-03T18:17:02","modified_gmt":"2026-02-03T17:17:02","slug":"d-radiateur-times-cc-600-1750mm-889w-blanc-quartz-163924","status":"publish","type":"product","link":"https:\/\/promochaudiere.be\/nl\/product\/d-radiateur-times-cc-600-1750mm-889w-blanc-quartz-163924\/","title":{"rendered":"D-RADIATEUR TIMES CC 600\/1750MM 889W BLANC QUARTZ 163924"},"content":{"rendered":"<p>Ce radiateur Times CC allie performance et design \u00e9l\u00e9gant pour un chauffage efficace. Sa finition blanc quartz lui donne un style moderne et \u00e9pur\u00e9. Avec une puissance de 889W, il chauffe rapidement la pi\u00e8ce tout en optimisant la consommation \u00e9nerg\u00e9tique. Son installation est simple et adapt\u00e9e aux syst\u00e8mes de chauffage central. Il garantit une diffusion homog\u00e8ne de la chaleur. Une solution id\u00e9ale pour allier confort et esth\u00e9tique.<\/p>","protected":false},"excerpt":{"rendered":"<p>D-RADIATEUR TIMES CC 600\/1750MM 889W BLANC QUARTZ 163924<\/p>","protected":false},"featured_media":21145,"comment_status":"open","ping_status":"closed","template":"","meta":[],"product_brand":[],"product_cat":[572],"product_tag":[],"class_list":{"0":"post-15682","1":"product","2":"type-product","3":"status-publish","4":"has-post-thumbnail","6":"product_cat-seche-serviette","8":"first","9":"instock","10":"sale","11":"taxable","12":"shipping-taxable","13":"purchasable","14":"product-type-simple"},"aioseo_notices":[],"_links":{"self":[{"href":"https:\/\/promochaudiere.be\/nl\/wp-json\/wp\/v2\/product\/15682","targetHints":{"allow":["GET"]}}],"collection":[{"href":"https:\/\/promochaudiere.be\/nl\/wp-json\/wp\/v2\/product"}],"about":[{"href":"https:\/\/promochaudiere.be\/nl\/wp-json\/wp\/v2\/types\/product"}],"replies":[{"embeddable":true,"href":"https:\/\/promochaudiere.be\/nl\/wp-json\/wp\/v2\/comments?post=15682"}],"version-history":[{"count":1,"href":"https:\/\/promochaudiere.be\/nl\/wp-json\/wp\/v2\/product\/15682\/revisions"}],"predecessor-version":[{"id":52792,"href":"https:\/\/promochaudiere.be\/nl\/wp-json\/wp\/v2\/product\/15682\/revisions\/52792"}],"wp:featuredmedia":[{"embeddable":true,"href":"https:\/\/promochaudiere.be\/nl\/wp-json\/wp\/v2\/media\/21145"}],"wp:attachment":[{"href":"https:\/\/promochaudiere.be\/nl\/wp-json\/wp\/v2\/media?parent=15682"}],"wp:term":[{"taxonomy":"product_brand","embeddable":true,"href":"https:\/\/promochaudiere.be\/nl\/wp-json\/wp\/v2\/product_brand?post=15682"},{"taxonomy":"product_cat","embeddable":true,"href":"https:\/\/promochaudiere.be\/nl\/wp-json\/wp\/v2\/product_cat?post=15682"},{"taxonomy":"product_tag","embeddable":true,"href":"https:\/\/promochaudiere.be\/nl\/wp-json\/wp\/v2\/product_tag?post=15682"}],"curies":[{"name":"wp","href":"https:\/\/api.w.org\/{rel}","templated":true}]}}