{"id":15684,"date":"2025-01-17T10:01:06","date_gmt":"2025-01-17T10:01:06","guid":{"rendered":"https:\/\/promochaudiere.be\/produit\/grundfos-unilift-ap35b-50-06-pompe-immergee-pour-eaux-usees-230v-10m-96004563\/"},"modified":"2026-02-03T18:16:59","modified_gmt":"2026-02-03T17:16:59","slug":"grundfos-unilift-ap35b-50-06-pompe-immergee-pour-eaux-usees-230v-10m-96004563","status":"publish","type":"product","link":"https:\/\/promochaudiere.be\/nl\/product\/grundfos-unilift-ap35b-50-06-pompe-immergee-pour-eaux-usees-230v-10m-96004563\/","title":{"rendered":"Grundfos UNILIFT AP35B.50.06 pompe immerg\u00e9e pour eaux us\u00e9es 230V-10M 96004563"},"content":{"rendered":"<p>La pompe immerg\u00e9e Grundfos UNILIFT AP35B.50.06 est sp\u00e9cialement con\u00e7ue pour \u00e9vacuer les eaux charg\u00e9es et les eaux us\u00e9es contenant des particules solides. Son moteur haute performance assure un d\u00e9bit constant et une \u00e9vacuation rapide. Son bo\u00eetier robuste en acier inoxydable lui conf\u00e8re une grande durabilit\u00e9. Id\u00e9ale pour les installations domestiques et industrielles n\u00e9cessitant un pompage efficace. Une solution fiable et durable pour g\u00e9rer les eaux us\u00e9es.<\/p>","protected":false},"excerpt":{"rendered":"<p>Grundfos UNILIFT AP35B.50.06 pompe immerg\u00e9e pour eaux us\u00e9es 230V-10M 96004563<\/p>","protected":false},"featured_media":21176,"comment_status":"open","ping_status":"closed","template":"","meta":[],"product_brand":[],"product_cat":[298],"product_tag":[],"class_list":{"0":"post-15684","1":"product","2":"type-product","3":"status-publish","4":"has-post-thumbnail","6":"product_cat-pompe","7":"pa_marque-grundfos","9":"first","10":"instock","11":"sale","12":"taxable","13":"shipping-taxable","14":"purchasable","15":"product-type-simple"},"aioseo_notices":[],"_links":{"self":[{"href":"https:\/\/promochaudiere.be\/nl\/wp-json\/wp\/v2\/product\/15684","targetHints":{"allow":["GET"]}}],"collection":[{"href":"https:\/\/promochaudiere.be\/nl\/wp-json\/wp\/v2\/product"}],"about":[{"href":"https:\/\/promochaudiere.be\/nl\/wp-json\/wp\/v2\/types\/product"}],"replies":[{"embeddable":true,"href":"https:\/\/promochaudiere.be\/nl\/wp-json\/wp\/v2\/comments?post=15684"}],"version-history":[{"count":1,"href":"https:\/\/promochaudiere.be\/nl\/wp-json\/wp\/v2\/product\/15684\/revisions"}],"predecessor-version":[{"id":44603,"href":"https:\/\/promochaudiere.be\/nl\/wp-json\/wp\/v2\/product\/15684\/revisions\/44603"}],"wp:featuredmedia":[{"embeddable":true,"href":"https:\/\/promochaudiere.be\/nl\/wp-json\/wp\/v2\/media\/21176"}],"wp:attachment":[{"href":"https:\/\/promochaudiere.be\/nl\/wp-json\/wp\/v2\/media?parent=15684"}],"wp:term":[{"taxonomy":"product_brand","embeddable":true,"href":"https:\/\/promochaudiere.be\/nl\/wp-json\/wp\/v2\/product_brand?post=15684"},{"taxonomy":"product_cat","embeddable":true,"href":"https:\/\/promochaudiere.be\/nl\/wp-json\/wp\/v2\/product_cat?post=15684"},{"taxonomy":"product_tag","embeddable":true,"href":"https:\/\/promochaudiere.be\/nl\/wp-json\/wp\/v2\/product_tag?post=15684"}],"curies":[{"name":"wp","href":"https:\/\/api.w.org\/{rel}","templated":true}]}}