{"id":15693,"date":"2025-01-17T10:01:09","date_gmt":"2025-01-17T10:01:09","guid":{"rendered":"https:\/\/promochaudiere.be\/produit\/junkers-boiler-echangeur-mural-120l-storacell-stb-120-z-classe-erp-b-8718545244\/"},"modified":"2026-02-03T18:17:04","modified_gmt":"2026-02-03T17:17:04","slug":"junkers-boiler-echangeur-mural-120l-storacell-stb-120-z-classe-erp-b-8718545244","status":"publish","type":"product","link":"https:\/\/promochaudiere.be\/nl\/product\/junkers-boiler-echangeur-mural-120l-storacell-stb-120-z-classe-erp-b-8718545244\/","title":{"rendered":"Junkers boiler \u00e9changeur mural 120L Storacell STB 120-Z classe ErP B 8718545244"},"content":{"rendered":"<p>Ce boiler mural Junkers Storacell de 120 litres est con\u00e7u pour une production efficace d\u2019eau chaude sanitaire. Gr\u00e2ce \u00e0 son \u00e9changeur thermique int\u00e9gr\u00e9, il assure une mont\u00e9e rapide en temp\u00e9rature. Son installation compacte et son isolation renforc\u00e9e en font un choix id\u00e9al pour une consommation \u00e9nerg\u00e9tique ma\u00eetris\u00e9e.<\/p>","protected":false},"excerpt":{"rendered":"<p>Junkers boiler \u00e9changeur mural 120L Storacell STB 120-Z classe ErP B 8718545244<\/p>","protected":false},"featured_media":21051,"comment_status":"open","ping_status":"closed","template":"","meta":[],"product_brand":[],"product_cat":[10969],"product_tag":[],"class_list":{"0":"post-15693","1":"product","2":"type-product","3":"status-publish","4":"has-post-thumbnail","6":"product_cat-bosch-junkers","7":"pa_marque-junkers","9":"first","10":"instock","11":"sale","12":"taxable","13":"shipping-taxable","14":"purchasable","15":"product-type-simple"},"aioseo_notices":[],"_links":{"self":[{"href":"https:\/\/promochaudiere.be\/nl\/wp-json\/wp\/v2\/product\/15693","targetHints":{"allow":["GET"]}}],"collection":[{"href":"https:\/\/promochaudiere.be\/nl\/wp-json\/wp\/v2\/product"}],"about":[{"href":"https:\/\/promochaudiere.be\/nl\/wp-json\/wp\/v2\/types\/product"}],"replies":[{"embeddable":true,"href":"https:\/\/promochaudiere.be\/nl\/wp-json\/wp\/v2\/comments?post=15693"}],"version-history":[{"count":1,"href":"https:\/\/promochaudiere.be\/nl\/wp-json\/wp\/v2\/product\/15693\/revisions"}],"predecessor-version":[{"id":44598,"href":"https:\/\/promochaudiere.be\/nl\/wp-json\/wp\/v2\/product\/15693\/revisions\/44598"}],"wp:featuredmedia":[{"embeddable":true,"href":"https:\/\/promochaudiere.be\/nl\/wp-json\/wp\/v2\/media\/21051"}],"wp:attachment":[{"href":"https:\/\/promochaudiere.be\/nl\/wp-json\/wp\/v2\/media?parent=15693"}],"wp:term":[{"taxonomy":"product_brand","embeddable":true,"href":"https:\/\/promochaudiere.be\/nl\/wp-json\/wp\/v2\/product_brand?post=15693"},{"taxonomy":"product_cat","embeddable":true,"href":"https:\/\/promochaudiere.be\/nl\/wp-json\/wp\/v2\/product_cat?post=15693"},{"taxonomy":"product_tag","embeddable":true,"href":"https:\/\/promochaudiere.be\/nl\/wp-json\/wp\/v2\/product_tag?post=15693"}],"curies":[{"name":"wp","href":"https:\/\/api.w.org\/{rel}","templated":true}]}}