{"id":15694,"date":"2025-01-17T10:01:09","date_gmt":"2025-01-17T10:01:09","guid":{"rendered":"https:\/\/promochaudiere.be\/produit\/herrmann-valise-de-service-pour-bruleur-hl40elv2s-311102\/"},"modified":"2026-02-03T18:17:03","modified_gmt":"2026-02-03T17:17:03","slug":"herrmann-valise-de-service-pour-bruleur-hl40elv2s-311102","status":"publish","type":"product","link":"https:\/\/promochaudiere.be\/nl\/product\/herrmann-valise-de-service-pour-bruleur-hl40elv2s-311102\/","title":{"rendered":"Herrmann valise de service pour bruleur HL40ELV2S 311102"},"content":{"rendered":"<p>Cette valise de service Herrmann est sp\u00e9cialement con\u00e7ue pour l\u2019entretien et le diagnostic des br\u00fbleurs HL40EL. Elle contient tous les outils et accessoires n\u00e9cessaires pour assurer une maintenance rapide et efficace. Son format compact et ergonomique facilite le transport et l\u2019utilisation sur site. Fabriqu\u00e9e avec des mat\u00e9riaux robustes, elle garantit une durabilit\u00e9 optimale pour un usage professionnel. Id\u00e9ale pour les techniciens en chauffage et maintenance industrielle. Un kit indispensable pour assurer un fonctionnement optimal des br\u00fbleurs.<\/p>","protected":false},"excerpt":{"rendered":"<p>Herrmann valise de service pour bruleur HL40ELV2S 311102<\/p>","protected":false},"featured_media":21061,"comment_status":"open","ping_status":"closed","template":"","meta":[],"product_brand":[],"product_cat":[47],"product_tag":[],"class_list":{"0":"post-15694","1":"product","2":"type-product","3":"status-publish","4":"has-post-thumbnail","6":"product_cat-bruleur-mazout","7":"pa_marque-herrmann","9":"first","10":"instock","11":"sale","12":"taxable","13":"shipping-taxable","14":"purchasable","15":"product-type-simple"},"aioseo_notices":[],"_links":{"self":[{"href":"https:\/\/promochaudiere.be\/nl\/wp-json\/wp\/v2\/product\/15694","targetHints":{"allow":["GET"]}}],"collection":[{"href":"https:\/\/promochaudiere.be\/nl\/wp-json\/wp\/v2\/product"}],"about":[{"href":"https:\/\/promochaudiere.be\/nl\/wp-json\/wp\/v2\/types\/product"}],"replies":[{"embeddable":true,"href":"https:\/\/promochaudiere.be\/nl\/wp-json\/wp\/v2\/comments?post=15694"}],"version-history":[{"count":1,"href":"https:\/\/promochaudiere.be\/nl\/wp-json\/wp\/v2\/product\/15694\/revisions"}],"predecessor-version":[{"id":44599,"href":"https:\/\/promochaudiere.be\/nl\/wp-json\/wp\/v2\/product\/15694\/revisions\/44599"}],"wp:featuredmedia":[{"embeddable":true,"href":"https:\/\/promochaudiere.be\/nl\/wp-json\/wp\/v2\/media\/21061"}],"wp:attachment":[{"href":"https:\/\/promochaudiere.be\/nl\/wp-json\/wp\/v2\/media?parent=15694"}],"wp:term":[{"taxonomy":"product_brand","embeddable":true,"href":"https:\/\/promochaudiere.be\/nl\/wp-json\/wp\/v2\/product_brand?post=15694"},{"taxonomy":"product_cat","embeddable":true,"href":"https:\/\/promochaudiere.be\/nl\/wp-json\/wp\/v2\/product_cat?post=15694"},{"taxonomy":"product_tag","embeddable":true,"href":"https:\/\/promochaudiere.be\/nl\/wp-json\/wp\/v2\/product_tag?post=15694"}],"curies":[{"name":"wp","href":"https:\/\/api.w.org\/{rel}","templated":true}]}}