{"id":15701,"date":"2025-01-17T10:01:13","date_gmt":"2025-01-17T10:01:13","guid":{"rendered":"https:\/\/promochaudiere.be\/produit\/meibes-groupe-de-pompe-melangemotor-alpha2-25-60-m6693130m\/"},"modified":"2026-02-03T18:17:02","modified_gmt":"2026-02-03T17:17:02","slug":"meibes-groupe-de-pompe-melangemotor-alpha2-25-60-m6693130m","status":"publish","type":"product","link":"https:\/\/promochaudiere.be\/nl\/product\/meibes-groupe-de-pompe-melangemotor-alpha2-25-60-m6693130m\/","title":{"rendered":"MEIBES GROUPE DE POMPE  MELANGE+MOTOR ALPHA2 25-60 M6693130M"},"content":{"rendered":"<p>Ce groupe de pompe Meibes est \u00e9quip\u00e9 d\u2019un moteur Alpha2 25-60, permettant un contr\u00f4le pr\u00e9cis du m\u00e9lange et de la temp\u00e9rature dans les circuits de chauffage. Son int\u00e9gration avec un moteur performant assure une efficacit\u00e9 \u00e9nerg\u00e9tique maximale. Son format 4\/4&Prime; garantit une compatibilit\u00e9 avec une large gamme de syst\u00e8mes. Sa construction robuste offre une r\u00e9sistance optimale aux variations de pression. Id\u00e9al pour les installations n\u00e9cessitant un r\u00e9glage thermique pr\u00e9cis. Un choix fiable pour une performance durable.<\/p>","protected":false},"excerpt":{"rendered":"<p>MEIBES GROUPE DE POMPE  MELANGE+MOTOR ALPHA2 25-60 M6693130M<\/p>","protected":false},"featured_media":21107,"comment_status":"open","ping_status":"closed","template":"","meta":[],"product_brand":[],"product_cat":[5541],"product_tag":[],"class_list":{"0":"post-15701","1":"product","2":"type-product","3":"status-publish","4":"has-post-thumbnail","6":"product_cat-groupe-de-pompe","7":"pa_marque-meibes","9":"first","10":"instock","11":"sale","12":"taxable","13":"shipping-taxable","14":"purchasable","15":"product-type-simple"},"aioseo_notices":[],"_links":{"self":[{"href":"https:\/\/promochaudiere.be\/nl\/wp-json\/wp\/v2\/product\/15701","targetHints":{"allow":["GET"]}}],"collection":[{"href":"https:\/\/promochaudiere.be\/nl\/wp-json\/wp\/v2\/product"}],"about":[{"href":"https:\/\/promochaudiere.be\/nl\/wp-json\/wp\/v2\/types\/product"}],"replies":[{"embeddable":true,"href":"https:\/\/promochaudiere.be\/nl\/wp-json\/wp\/v2\/comments?post=15701"}],"version-history":[{"count":1,"href":"https:\/\/promochaudiere.be\/nl\/wp-json\/wp\/v2\/product\/15701\/revisions"}],"predecessor-version":[{"id":44592,"href":"https:\/\/promochaudiere.be\/nl\/wp-json\/wp\/v2\/product\/15701\/revisions\/44592"}],"wp:featuredmedia":[{"embeddable":true,"href":"https:\/\/promochaudiere.be\/nl\/wp-json\/wp\/v2\/media\/21107"}],"wp:attachment":[{"href":"https:\/\/promochaudiere.be\/nl\/wp-json\/wp\/v2\/media?parent=15701"}],"wp:term":[{"taxonomy":"product_brand","embeddable":true,"href":"https:\/\/promochaudiere.be\/nl\/wp-json\/wp\/v2\/product_brand?post=15701"},{"taxonomy":"product_cat","embeddable":true,"href":"https:\/\/promochaudiere.be\/nl\/wp-json\/wp\/v2\/product_cat?post=15701"},{"taxonomy":"product_tag","embeddable":true,"href":"https:\/\/promochaudiere.be\/nl\/wp-json\/wp\/v2\/product_tag?post=15701"}],"curies":[{"name":"wp","href":"https:\/\/api.w.org\/{rel}","templated":true}]}}