{"id":15702,"date":"2025-01-17T10:01:14","date_gmt":"2025-01-17T10:01:14","guid":{"rendered":"https:\/\/promochaudiere.be\/produit\/grundfos-circulateur-chauffage-central-magna1-25-40-l180-6-4-99221216\/"},"modified":"2026-02-03T18:17:05","modified_gmt":"2026-02-03T17:17:05","slug":"grundfos-circulateur-chauffage-central-magna1-25-40-l180-6-4-99221216","status":"publish","type":"product","link":"https:\/\/promochaudiere.be\/nl\/product\/grundfos-circulateur-chauffage-central-magna1-25-40-l180-6-4-99221216\/","title":{"rendered":"Grundfos circulateur  chauffage central magna1 25-40   L180 6\/4  99221216"},"content":{"rendered":"<p>Le circulateur Grundfos Magna1 32-40 est une solution performante pour assurer une circulation optimale de l\u2019eau chaude. Gr\u00e2ce \u00e0 son moteur intelligent, il adapte sa vitesse en fonction des besoins, r\u00e9duisant ainsi les co\u00fbts \u00e9nerg\u00e9tiques. Facile \u00e0 installer, il garantit un fonctionnement silencieux et fiable. Un composant essentiel pour une gestion efficace du chauffage.<\/p>","protected":false},"excerpt":{"rendered":"<p>Grundfos circulateur  chauffage central magna1 25-40   L180 6\/4  99221216<\/p>","protected":false},"featured_media":21087,"comment_status":"open","ping_status":"closed","template":"","meta":[],"product_brand":[],"product_cat":[660],"product_tag":[],"class_list":{"0":"post-15702","1":"product","2":"type-product","3":"status-publish","4":"has-post-thumbnail","6":"product_cat-circulateur","7":"pa_marque-grundfos","9":"first","10":"instock","11":"sale","12":"taxable","13":"shipping-taxable","14":"purchasable","15":"product-type-simple"},"aioseo_notices":[],"_links":{"self":[{"href":"https:\/\/promochaudiere.be\/nl\/wp-json\/wp\/v2\/product\/15702","targetHints":{"allow":["GET"]}}],"collection":[{"href":"https:\/\/promochaudiere.be\/nl\/wp-json\/wp\/v2\/product"}],"about":[{"href":"https:\/\/promochaudiere.be\/nl\/wp-json\/wp\/v2\/types\/product"}],"replies":[{"embeddable":true,"href":"https:\/\/promochaudiere.be\/nl\/wp-json\/wp\/v2\/comments?post=15702"}],"version-history":[{"count":1,"href":"https:\/\/promochaudiere.be\/nl\/wp-json\/wp\/v2\/product\/15702\/revisions"}],"predecessor-version":[{"id":44591,"href":"https:\/\/promochaudiere.be\/nl\/wp-json\/wp\/v2\/product\/15702\/revisions\/44591"}],"wp:featuredmedia":[{"embeddable":true,"href":"https:\/\/promochaudiere.be\/nl\/wp-json\/wp\/v2\/media\/21087"}],"wp:attachment":[{"href":"https:\/\/promochaudiere.be\/nl\/wp-json\/wp\/v2\/media?parent=15702"}],"wp:term":[{"taxonomy":"product_brand","embeddable":true,"href":"https:\/\/promochaudiere.be\/nl\/wp-json\/wp\/v2\/product_brand?post=15702"},{"taxonomy":"product_cat","embeddable":true,"href":"https:\/\/promochaudiere.be\/nl\/wp-json\/wp\/v2\/product_cat?post=15702"},{"taxonomy":"product_tag","embeddable":true,"href":"https:\/\/promochaudiere.be\/nl\/wp-json\/wp\/v2\/product_tag?post=15702"}],"curies":[{"name":"wp","href":"https:\/\/api.w.org\/{rel}","templated":true}]}}