{"id":15703,"date":"2025-01-17T10:01:16","date_gmt":"2025-01-17T10:01:16","guid":{"rendered":"https:\/\/promochaudiere.be\/produit\/bosch-ballon-tampon-pour-pac-stora-bh120b-120l-classe-erp-b-7735500777\/"},"modified":"2026-02-03T18:17:05","modified_gmt":"2026-02-03T17:17:05","slug":"bosch-ballon-tampon-pour-pac-stora-bh120b-120l-classe-erp-b-7735500777","status":"publish","type":"product","link":"https:\/\/promochaudiere.be\/nl\/product\/bosch-ballon-tampon-pour-pac-stora-bh120b-120l-classe-erp-b-7735500777\/","title":{"rendered":"BOSCH BALLON TAMPON POUR PAC STORA BH120B 120L CLASSE ERP B 7735500777"},"content":{"rendered":"<p>Optimisez votre installation avec le ballon tampon Bosch STORA BH120B de 120 litres, con\u00e7u pour une gestion efficace de l\u2019\u00e9nergie. Gr\u00e2ce \u00e0 sa capacit\u00e9 de stockage thermique, il assure une r\u00e9gulation optimale de votre chauffage. Fabriqu\u00e9 avec des mat\u00e9riaux r\u00e9sistants, il garantit une isolation performante et une longue dur\u00e9e de vie. Son format compact permet une int\u00e9gration facile dans divers syst\u00e8mes. Id\u00e9al pour am\u00e9liorer le rendement \u00e9nerg\u00e9tique de votre installation. Un choix s\u00fbr pour plus de confort et d\u2019\u00e9conomies.<\/p>","protected":false},"excerpt":{"rendered":"<p>BOSCH BALLON TAMPON POUR PAC STORA BH120B 120L CLASSE ERP B 7735500777<\/p>","protected":false},"featured_media":21131,"comment_status":"open","ping_status":"closed","template":"","meta":[],"product_brand":[],"product_cat":[5507],"product_tag":[],"class_list":{"0":"post-15703","1":"product","2":"type-product","3":"status-publish","4":"has-post-thumbnail","6":"product_cat-ballon-tampon","7":"pa_marque-bosch","9":"first","10":"instock","11":"sale","12":"taxable","13":"shipping-taxable","14":"purchasable","15":"product-type-simple"},"aioseo_notices":[],"_links":{"self":[{"href":"https:\/\/promochaudiere.be\/nl\/wp-json\/wp\/v2\/product\/15703","targetHints":{"allow":["GET"]}}],"collection":[{"href":"https:\/\/promochaudiere.be\/nl\/wp-json\/wp\/v2\/product"}],"about":[{"href":"https:\/\/promochaudiere.be\/nl\/wp-json\/wp\/v2\/types\/product"}],"replies":[{"embeddable":true,"href":"https:\/\/promochaudiere.be\/nl\/wp-json\/wp\/v2\/comments?post=15703"}],"version-history":[{"count":1,"href":"https:\/\/promochaudiere.be\/nl\/wp-json\/wp\/v2\/product\/15703\/revisions"}],"predecessor-version":[{"id":44589,"href":"https:\/\/promochaudiere.be\/nl\/wp-json\/wp\/v2\/product\/15703\/revisions\/44589"}],"wp:featuredmedia":[{"embeddable":true,"href":"https:\/\/promochaudiere.be\/nl\/wp-json\/wp\/v2\/media\/21131"}],"wp:attachment":[{"href":"https:\/\/promochaudiere.be\/nl\/wp-json\/wp\/v2\/media?parent=15703"}],"wp:term":[{"taxonomy":"product_brand","embeddable":true,"href":"https:\/\/promochaudiere.be\/nl\/wp-json\/wp\/v2\/product_brand?post=15703"},{"taxonomy":"product_cat","embeddable":true,"href":"https:\/\/promochaudiere.be\/nl\/wp-json\/wp\/v2\/product_cat?post=15703"},{"taxonomy":"product_tag","embeddable":true,"href":"https:\/\/promochaudiere.be\/nl\/wp-json\/wp\/v2\/product_tag?post=15703"}],"curies":[{"name":"wp","href":"https:\/\/api.w.org\/{rel}","templated":true}]}}