{"id":15706,"date":"2025-01-17T10:01:17","date_gmt":"2025-01-17T10:01:17","guid":{"rendered":"https:\/\/promochaudiere.be\/produit\/vaillant-reservoir-tampon-6-raccordements-45l-0010034126\/"},"modified":"2026-02-03T19:40:11","modified_gmt":"2026-02-03T18:40:11","slug":"vaillant-reservoir-tampon-6-raccordements-45l-0010034126","status":"publish","type":"product","link":"https:\/\/promochaudiere.be\/nl\/product\/vaillant-reservoir-tampon-6-raccordements-45l-0010034126\/","title":{"rendered":"VAILLANT RESERVOIR TAMPON +6 RACCORDEMENTS 45L 0010034126"},"content":{"rendered":"<p>Ce r\u00e9servoir tampon Vaillant est con\u00e7u pour am\u00e9liorer la stabilit\u00e9 thermique des circuits de chauffage. Avec ses six raccordements, il permet une distribution homog\u00e8ne de la chaleur. Sa capacit\u00e9 de 45 litres assure une r\u00e9serve d\u2019eau chaude constante pour \u00e9viter les variations de temp\u00e9rature. Il contribue \u00e0 am\u00e9liorer le rendement \u00e9nerg\u00e9tique du syst\u00e8me. Un excellent choix pour optimiser les performances des installations thermiques.<\/p>","protected":false},"excerpt":{"rendered":"<p>VAILLANT RESERVOIR TAMPON +6 RACCORDEMENTS 45L 0010034126<\/p>","protected":false},"featured_media":21825,"comment_status":"open","ping_status":"closed","template":"","meta":[],"product_brand":[],"product_cat":[5507,8840],"product_tag":[],"class_list":{"0":"post-15706","1":"product","2":"type-product","3":"status-publish","4":"has-post-thumbnail","6":"product_cat-ballon-tampon","7":"product_cat-test","8":"pa_marque-vaillant","10":"first","11":"instock","12":"sale","13":"taxable","14":"shipping-taxable","15":"purchasable","16":"product-type-simple"},"aioseo_notices":[],"_links":{"self":[{"href":"https:\/\/promochaudiere.be\/nl\/wp-json\/wp\/v2\/product\/15706","targetHints":{"allow":["GET"]}}],"collection":[{"href":"https:\/\/promochaudiere.be\/nl\/wp-json\/wp\/v2\/product"}],"about":[{"href":"https:\/\/promochaudiere.be\/nl\/wp-json\/wp\/v2\/types\/product"}],"replies":[{"embeddable":true,"href":"https:\/\/promochaudiere.be\/nl\/wp-json\/wp\/v2\/comments?post=15706"}],"version-history":[{"count":1,"href":"https:\/\/promochaudiere.be\/nl\/wp-json\/wp\/v2\/product\/15706\/revisions"}],"predecessor-version":[{"id":52786,"href":"https:\/\/promochaudiere.be\/nl\/wp-json\/wp\/v2\/product\/15706\/revisions\/52786"}],"wp:featuredmedia":[{"embeddable":true,"href":"https:\/\/promochaudiere.be\/nl\/wp-json\/wp\/v2\/media\/21825"}],"wp:attachment":[{"href":"https:\/\/promochaudiere.be\/nl\/wp-json\/wp\/v2\/media?parent=15706"}],"wp:term":[{"taxonomy":"product_brand","embeddable":true,"href":"https:\/\/promochaudiere.be\/nl\/wp-json\/wp\/v2\/product_brand?post=15706"},{"taxonomy":"product_cat","embeddable":true,"href":"https:\/\/promochaudiere.be\/nl\/wp-json\/wp\/v2\/product_cat?post=15706"},{"taxonomy":"product_tag","embeddable":true,"href":"https:\/\/promochaudiere.be\/nl\/wp-json\/wp\/v2\/product_tag?post=15706"}],"curies":[{"name":"wp","href":"https:\/\/api.w.org\/{rel}","templated":true}]}}