{"id":15707,"date":"2025-01-17T10:01:17","date_gmt":"2025-01-17T10:01:17","guid":{"rendered":"https:\/\/promochaudiere.be\/produit\/d-radiateur-times-cc-600-1750mm-889w-noir-mat-163925\/"},"modified":"2026-02-03T18:17:04","modified_gmt":"2026-02-03T17:17:04","slug":"d-radiateur-times-cc-600-1750mm-889w-noir-mat-163925","status":"publish","type":"product","link":"https:\/\/promochaudiere.be\/nl\/product\/d-radiateur-times-cc-600-1750mm-889w-noir-mat-163925\/","title":{"rendered":"D-RADIATEUR TIMES CC 600\/1750MM 889W NOIR MAT 163925"},"content":{"rendered":"<p>Ce radiateur Times CC au design moderne offre une puissance de chauffe de 889W, id\u00e9ale pour les espaces n\u00e9cessitant une diffusion homog\u00e8ne de la chaleur. Son format 600\/1750mm permet une installation discr\u00e8te et efficace, adapt\u00e9e aux int\u00e9rieurs contemporains. Son rev\u00eatement noir mat apporte une touche d\u2019\u00e9l\u00e9gance tout en r\u00e9sistant aux rayures et \u00e0 l\u2019usure. Compatible avec les syst\u00e8mes de chauffage central, il garantit un excellent rendement \u00e9nerg\u00e9tique. Facile \u00e0 installer, il s\u2019int\u00e8gre parfaitement dans tout type d\u2019habitat. Un choix alliant esth\u00e9tique et performance thermique.<\/p>","protected":false},"excerpt":{"rendered":"<p>D-RADIATEUR TIMES CC 600\/1750MM 889W NOIR MAT 163925<\/p>","protected":false},"featured_media":21146,"comment_status":"open","ping_status":"closed","template":"","meta":[],"product_brand":[],"product_cat":[572],"product_tag":[],"class_list":{"0":"post-15707","1":"product","2":"type-product","3":"status-publish","4":"has-post-thumbnail","6":"product_cat-seche-serviette","8":"first","9":"instock","10":"sale","11":"taxable","12":"shipping-taxable","13":"purchasable","14":"product-type-simple"},"aioseo_notices":[],"_links":{"self":[{"href":"https:\/\/promochaudiere.be\/nl\/wp-json\/wp\/v2\/product\/15707","targetHints":{"allow":["GET"]}}],"collection":[{"href":"https:\/\/promochaudiere.be\/nl\/wp-json\/wp\/v2\/product"}],"about":[{"href":"https:\/\/promochaudiere.be\/nl\/wp-json\/wp\/v2\/types\/product"}],"replies":[{"embeddable":true,"href":"https:\/\/promochaudiere.be\/nl\/wp-json\/wp\/v2\/comments?post=15707"}],"version-history":[{"count":1,"href":"https:\/\/promochaudiere.be\/nl\/wp-json\/wp\/v2\/product\/15707\/revisions"}],"predecessor-version":[{"id":52785,"href":"https:\/\/promochaudiere.be\/nl\/wp-json\/wp\/v2\/product\/15707\/revisions\/52785"}],"wp:featuredmedia":[{"embeddable":true,"href":"https:\/\/promochaudiere.be\/nl\/wp-json\/wp\/v2\/media\/21146"}],"wp:attachment":[{"href":"https:\/\/promochaudiere.be\/nl\/wp-json\/wp\/v2\/media?parent=15707"}],"wp:term":[{"taxonomy":"product_brand","embeddable":true,"href":"https:\/\/promochaudiere.be\/nl\/wp-json\/wp\/v2\/product_brand?post=15707"},{"taxonomy":"product_cat","embeddable":true,"href":"https:\/\/promochaudiere.be\/nl\/wp-json\/wp\/v2\/product_cat?post=15707"},{"taxonomy":"product_tag","embeddable":true,"href":"https:\/\/promochaudiere.be\/nl\/wp-json\/wp\/v2\/product_tag?post=15707"}],"curies":[{"name":"wp","href":"https:\/\/api.w.org\/{rel}","templated":true}]}}