{"id":15708,"date":"2025-01-17T10:01:17","date_gmt":"2025-01-17T10:01:17","guid":{"rendered":"https:\/\/promochaudiere.be\/produit\/wilo-pompe-immergee-extract-first-se304-pack-2926908\/"},"modified":"2026-02-03T18:17:04","modified_gmt":"2026-02-03T17:17:04","slug":"wilo-pompe-immergee-extract-first-se304-pack-2926908","status":"publish","type":"product","link":"https:\/\/promochaudiere.be\/nl\/product\/wilo-pompe-immergee-extract-first-se304-pack-2926908\/","title":{"rendered":"Wilo POMPE IMMERGEE EXTRACT FIRST SE304 PACK 2926908"},"content":{"rendered":"<p>Cette pompe immerg\u00e9e Wilo est id\u00e9ale pour le pompage d\u2019eau claire et les applications de drainage. Son moteur robuste garantit un fonctionnement fiable m\u00eame en conditions difficiles. Facile \u00e0 poser, elle assure une efficacit\u00e9 optimale. Un accessoire essentiel pour une gestion efficace de l\u2019eau.<\/p>","protected":false},"excerpt":{"rendered":"<p>Wilo POMPE IMMERGEE EXTRACT FIRST SE304 PACK 2926908<\/p>","protected":false},"featured_media":21187,"comment_status":"open","ping_status":"closed","template":"","meta":[],"product_brand":[],"product_cat":[298],"product_tag":[],"class_list":{"0":"post-15708","1":"product","2":"type-product","3":"status-publish","4":"has-post-thumbnail","6":"product_cat-pompe","7":"pa_marque-wilo","9":"first","10":"instock","11":"sale","12":"taxable","13":"shipping-taxable","14":"purchasable","15":"product-type-simple"},"aioseo_notices":[],"_links":{"self":[{"href":"https:\/\/promochaudiere.be\/nl\/wp-json\/wp\/v2\/product\/15708","targetHints":{"allow":["GET"]}}],"collection":[{"href":"https:\/\/promochaudiere.be\/nl\/wp-json\/wp\/v2\/product"}],"about":[{"href":"https:\/\/promochaudiere.be\/nl\/wp-json\/wp\/v2\/types\/product"}],"replies":[{"embeddable":true,"href":"https:\/\/promochaudiere.be\/nl\/wp-json\/wp\/v2\/comments?post=15708"}],"version-history":[{"count":1,"href":"https:\/\/promochaudiere.be\/nl\/wp-json\/wp\/v2\/product\/15708\/revisions"}],"predecessor-version":[{"id":52784,"href":"https:\/\/promochaudiere.be\/nl\/wp-json\/wp\/v2\/product\/15708\/revisions\/52784"}],"wp:featuredmedia":[{"embeddable":true,"href":"https:\/\/promochaudiere.be\/nl\/wp-json\/wp\/v2\/media\/21187"}],"wp:attachment":[{"href":"https:\/\/promochaudiere.be\/nl\/wp-json\/wp\/v2\/media?parent=15708"}],"wp:term":[{"taxonomy":"product_brand","embeddable":true,"href":"https:\/\/promochaudiere.be\/nl\/wp-json\/wp\/v2\/product_brand?post=15708"},{"taxonomy":"product_cat","embeddable":true,"href":"https:\/\/promochaudiere.be\/nl\/wp-json\/wp\/v2\/product_cat?post=15708"},{"taxonomy":"product_tag","embeddable":true,"href":"https:\/\/promochaudiere.be\/nl\/wp-json\/wp\/v2\/product_tag?post=15708"}],"curies":[{"name":"wp","href":"https:\/\/api.w.org\/{rel}","templated":true}]}}