{"id":15711,"date":"2025-01-17T10:01:18","date_gmt":"2025-01-17T10:01:18","guid":{"rendered":"https:\/\/promochaudiere.be\/produit\/radson-kos-v-hp-h1800xl450x22-ral9016-1698w-kovp2218004509016\/"},"modified":"2026-02-03T18:17:05","modified_gmt":"2026-02-03T17:17:05","slug":"radson-kos-v-hp-h1800xl450x22-ral9016-1698w-kovp2218004509016","status":"publish","type":"product","link":"https:\/\/promochaudiere.be\/nl\/product\/radson-kos-v-hp-h1800xl450x22-ral9016-1698w-kovp2218004509016\/","title":{"rendered":"Radson Kos V HP H1800xL450x22 RAL9016 1698W KOVP2218004509016"},"content":{"rendered":"<p>Le Radson Kos V est un radiateur vertical alliant \u00e9l\u00e9gance moderne et performance thermique exceptionnelle. Gr\u00e2ce \u00e0 sa conception minimaliste avec une fa\u00e7ade plane et des panneaux lat\u00e9raux arrondis, il s\u2019int\u00e8gre parfaitement dans tous les styles d\u2019int\u00e9rieur, qu\u2019ils soient contemporains ou classiques. Sa forme verticale optimise l\u2019utilisation de l\u2019espace, ce qui en fait une solution id\u00e9ale pour les pi\u00e8ces o\u00f9 la surface murale est limit\u00e9e. Disponible en plusieurs dimensions, le Kos V s\u2019adapte \u00e0 diverses configurations tout en offrant une puissance de chauffage optimale. \u00c9quip\u00e9 de raccordements multiples et con\u00e7u pour une pression de service maximale de 10 bars, il s\u2019installe facilement et fonctionne avec la plupart des syst\u00e8mes de chauffage central.<\/p>","protected":false},"excerpt":{"rendered":"<p>Radson Kos V HP H1800xL450x22 RAL9016 1698W KOVP2218004509016<\/p>","protected":false},"featured_media":20777,"comment_status":"open","ping_status":"closed","template":"","meta":[],"product_brand":[],"product_cat":[10488],"product_tag":[],"class_list":{"0":"post-15711","1":"product","2":"type-product","3":"status-publish","4":"has-post-thumbnail","6":"product_cat-kos-v","7":"pa_marque-radson","9":"first","10":"instock","11":"sale","12":"taxable","13":"shipping-taxable","14":"purchasable","15":"product-type-simple"},"aioseo_notices":[],"_links":{"self":[{"href":"https:\/\/promochaudiere.be\/nl\/wp-json\/wp\/v2\/product\/15711","targetHints":{"allow":["GET"]}}],"collection":[{"href":"https:\/\/promochaudiere.be\/nl\/wp-json\/wp\/v2\/product"}],"about":[{"href":"https:\/\/promochaudiere.be\/nl\/wp-json\/wp\/v2\/types\/product"}],"replies":[{"embeddable":true,"href":"https:\/\/promochaudiere.be\/nl\/wp-json\/wp\/v2\/comments?post=15711"}],"version-history":[{"count":1,"href":"https:\/\/promochaudiere.be\/nl\/wp-json\/wp\/v2\/product\/15711\/revisions"}],"predecessor-version":[{"id":44588,"href":"https:\/\/promochaudiere.be\/nl\/wp-json\/wp\/v2\/product\/15711\/revisions\/44588"}],"wp:featuredmedia":[{"embeddable":true,"href":"https:\/\/promochaudiere.be\/nl\/wp-json\/wp\/v2\/media\/20777"}],"wp:attachment":[{"href":"https:\/\/promochaudiere.be\/nl\/wp-json\/wp\/v2\/media?parent=15711"}],"wp:term":[{"taxonomy":"product_brand","embeddable":true,"href":"https:\/\/promochaudiere.be\/nl\/wp-json\/wp\/v2\/product_brand?post=15711"},{"taxonomy":"product_cat","embeddable":true,"href":"https:\/\/promochaudiere.be\/nl\/wp-json\/wp\/v2\/product_cat?post=15711"},{"taxonomy":"product_tag","embeddable":true,"href":"https:\/\/promochaudiere.be\/nl\/wp-json\/wp\/v2\/product_tag?post=15711"}],"curies":[{"name":"wp","href":"https:\/\/api.w.org\/{rel}","templated":true}]}}